{"id":1103,"date":"2024-05-02T16:21:49","date_gmt":"2024-05-02T14:21:49","guid":{"rendered":"https:\/\/kuponi.live\/?page_id=1103"},"modified":"2024-10-24T12:15:22","modified_gmt":"2024-10-24T10:15:22","slug":"dobijanje-nagradnih-bodova","status":"publish","type":"page","link":"https:\/\/kuponi.live\/bs_ba\/dobijanje-nagradnih-bodova\/","title":{"rendered":"Dobijanje nagradnih bodova"},"content":{"rendered":"\t\t<div data-elementor-type=\"wp-page\" data-elementor-id=\"1103\" class=\"elementor elementor-1103\">\n\t\t\t\t<div class=\"elementor-element elementor-element-dfb4221 e-flex e-con-boxed e-con e-parent\" data-id=\"dfb4221\" data-element_type=\"container\">\n\t\t\t\t\t<div class=\"e-con-inner\">\n\t\t<div class=\"elementor-element elementor-element-934eb2c e-flex e-con-boxed e-con e-child\" data-id=\"934eb2c\" data-element_type=\"container\">\n\t\t\t\t\t<div class=\"e-con-inner\">\n\t\t<div class=\"elementor-element elementor-element-a47ff37 e-flex e-con-boxed e-con e-child\" data-id=\"a47ff37\" data-element_type=\"container\">\n\t\t\t\t\t<div class=\"e-con-inner\">\n\t\t\t\t<div class=\"elementor-element elementor-element-738313c elementor-widget elementor-widget-text-editor\" data-id=\"738313c\" data-element_type=\"widget\" data-widget_type=\"text-editor.default\">\n\t\t\t\t<div class=\"elementor-widget-container\">\n\t\t\t\t\t\t\t\t\t<h3 style=\"text-align: center;\"><span style=\"text-decoration: underline;\"><strong>Dobijanje\/evidentiranje nagradnih bodova<br \/><\/strong><\/span><\/h3><p style=\"text-align: left;\">Kada korisnik potro\u0161i neki iznos u trgovini, on jednostavno poka\u017ee po\u010detni ekran nadle\u017enoj osobi, koja svojim mobitelom\u00a0 skenira QR kod koji se nalazi u gornjem desnom uglu ekrana.<\/p><p style=\"text-align: center;\"><a href=\"https:\/\/kuponi.live\/wp-content\/uploads\/2024\/10\/Skeniranje-QR-koda.jpg\"><img fetchpriority=\"high\" decoding=\"async\" class=\"alignnone wp-image-1899\" src=\"https:\/\/kuponi.live\/wp-content\/uploads\/2024\/10\/Skeniranje-QR-koda-300x259.jpg\" alt=\"\" width=\"400\" height=\"345\" srcset=\"https:\/\/kuponi.live\/wp-content\/uploads\/2024\/10\/Skeniranje-QR-koda-300x259.jpg 300w, https:\/\/kuponi.live\/wp-content\/uploads\/2024\/10\/Skeniranje-QR-koda-14x12.jpg 14w, https:\/\/kuponi.live\/wp-content\/uploads\/2024\/10\/Skeniranje-QR-koda.jpg 620w\" sizes=\"(max-width: 400px) 100vw, 400px\" \/><\/a><\/p><p style=\"text-align: left;\">I to je<span style=\"color: #ff0000;\"> <strong>APSOLUTNO SVE<\/strong><\/span> \u0161to je potreno da uradi korisnik.<\/p><p style=\"text-align: left;\">U programu osobe koja dodjeljuje bodove\u00a0 se nakon skeniranja QR koda korisnika otvori ekran u koji nadle\u017ena osoba unese potro\u0161eni iznos\u00a0 ili pripadaju\u0107e bodove a za za\u0161titu od prevara fotografi\u0161e ra\u010dun i <span style=\"color: #ff0000;\"><strong>TO JE ISTO TAKO SVE<\/strong><\/span> \u0161to je potrebno da uradi nadle\u017ena osoba.<\/p><p style=\"text-align: left;\">Saldo korisnika se automatski pove\u0107ava za iznos zara\u0111enih bodova,\u00a0 a kompletna transakcija se zapisuje u Istoriju i korisnika i nadle\u017ene osobe.<\/p><p style=\"text-align: left;\"><strong>Korisnik dobija email notifikaciju za svaku transakciju.<\/strong><\/p><p><strong>NAPRIJED: <span style=\"color: #0000ff;\"><a style=\"color: #0000ff;\" href=\"https:\/\/kuponi.live\/preuzimanje-nagrade\/\" target=\"_blank\" rel=\"noopener\">Preuzimanje nagrade<\/a><\/span><\/strong><\/p>\t\t\t\t\t\t\t\t<\/div>\n\t\t\t\t<\/div>\n\t\t\t\t\t<\/div>\n\t\t\t\t<\/div>\n\t\t\t\t\t<\/div>\n\t\t\t\t<\/div>\n\t\t\t\t\t<\/div>\n\t\t\t\t<\/div>\n\t\t\t\t<\/div>\n\t\t","protected":false},"excerpt":{"rendered":"<p>Dobijanje\/evidentiranje nagradnih bodova Kada korisnik potro\u0161i neki iznos u trgovini, on jednostavno poka\u017ee po\u010detni ekran nadle\u017enoj osobi, koja svojim mobitelom\u00a0 skenira QR kod koji se nalazi u gornjem desnom uglu ekrana. I to je APSOLUTNO SVE \u0161to je potreno da uradi korisnik. U programu osobe koja dodjeljuje bodove\u00a0 se nakon skeniranja QR koda korisnika otvori &hellip; <\/p>\n<p class=\"link-more\"><a href=\"https:\/\/kuponi.live\/bs_ba\/dobijanje-nagradnih-bodova\/\" class=\"more-link\">Nastavi \u010ditati<span class=\"screen-reader-text\"> &#8220;Dobijanje nagradnih bodova&#8221;<\/span><\/a><\/p>\n","protected":false},"author":1,"featured_media":0,"parent":0,"menu_order":0,"comment_status":"closed","ping_status":"closed","template":"elementor_header_footer","meta":{"footnotes":""},"class_list":["post-1103","page","type-page","status-publish","hentry"],"_links":{"self":[{"href":"https:\/\/kuponi.live\/bs_ba\/wp-json\/wp\/v2\/pages\/1103","targetHints":{"allow":["GET"]}}],"collection":[{"href":"https:\/\/kuponi.live\/bs_ba\/wp-json\/wp\/v2\/pages"}],"about":[{"href":"https:\/\/kuponi.live\/bs_ba\/wp-json\/wp\/v2\/types\/page"}],"author":[{"embeddable":true,"href":"https:\/\/kuponi.live\/bs_ba\/wp-json\/wp\/v2\/users\/1"}],"replies":[{"embeddable":true,"href":"https:\/\/kuponi.live\/bs_ba\/wp-json\/wp\/v2\/comments?post=1103"}],"version-history":[{"count":46,"href":"https:\/\/kuponi.live\/bs_ba\/wp-json\/wp\/v2\/pages\/1103\/revisions"}],"predecessor-version":[{"id":2004,"href":"https:\/\/kuponi.live\/bs_ba\/wp-json\/wp\/v2\/pages\/1103\/revisions\/2004"}],"wp:attachment":[{"href":"https:\/\/kuponi.live\/bs_ba\/wp-json\/wp\/v2\/media?parent=1103"}],"curies":[{"name":"wp","href":"https:\/\/api.w.org\/{rel}","templated":true}]}}