{"id":1118,"date":"2024-05-02T17:07:07","date_gmt":"2024-05-02T15:07:07","guid":{"rendered":"https:\/\/kuponi.live\/?page_id=1118"},"modified":"2025-02-22T22:45:32","modified_gmt":"2025-02-22T21:45:32","slug":"preuzimanje-nagrade","status":"publish","type":"page","link":"https:\/\/kuponi.live\/bs_ba\/preuzimanje-nagrade\/","title":{"rendered":"Preuzimanje nagrade"},"content":{"rendered":"\t\t<div data-elementor-type=\"wp-page\" data-elementor-id=\"1118\" class=\"elementor elementor-1118\">\n\t\t\t\t<div class=\"elementor-element elementor-element-5e19544 e-flex e-con-boxed e-con e-parent\" data-id=\"5e19544\" data-element_type=\"container\">\n\t\t\t\t\t<div class=\"e-con-inner\">\n\t\t<div class=\"elementor-element elementor-element-b2a52e8 e-flex e-con-boxed e-con e-child\" data-id=\"b2a52e8\" data-element_type=\"container\">\n\t\t\t\t\t<div class=\"e-con-inner\">\n\t\t<div class=\"elementor-element elementor-element-d9a1aaa e-flex e-con-boxed e-con e-child\" data-id=\"d9a1aaa\" data-element_type=\"container\">\n\t\t\t\t\t<div class=\"e-con-inner\">\n\t\t<div class=\"elementor-element elementor-element-f3ecb2f e-flex e-con-boxed e-con e-child\" data-id=\"f3ecb2f\" data-element_type=\"container\">\n\t\t\t\t\t<div class=\"e-con-inner\">\n\t\t\t\t<div class=\"elementor-element elementor-element-5eb72ee elementor-widget elementor-widget-text-editor\" data-id=\"5eb72ee\" data-element_type=\"widget\" data-widget_type=\"text-editor.default\">\n\t\t\t\t<div class=\"elementor-widget-container\">\n\t\t\t\t\t\t\t\t\t<h3 style=\"text-align: center;\"><span style=\"text-decoration: underline;\"><strong>Preuzimanje nagrade<br \/><\/strong><\/span><\/h3><p style=\"text-align: left;\">Korisnik uz svaki proizvod vidi koliko je bodova potrebno sakupiti da dobije tu nagradu, bilo potpuno\u00a0 besplatan proizvod, bilo proizvod po ni\u017eoj cijeni.<\/p><p style=\"text-align: left;\">Uz svaki proizvod za koji ima dovoljno poena da se mo\u017ee preuzeti nagrada je zelena ta\u010dkica, znak da mo\u017ee dobiti tu nagradu.<\/p><p><img fetchpriority=\"high\" decoding=\"async\" class=\"alignnone wp-image-1912 size-medium\" src=\"https:\/\/kuponi.live\/wp-content\/uploads\/2024\/10\/Dovoljno-poena-300x182.jpg\" alt=\"\" width=\"300\" height=\"182\" srcset=\"https:\/\/kuponi.live\/wp-content\/uploads\/2024\/10\/Dovoljno-poena-300x182.jpg 300w, https:\/\/kuponi.live\/wp-content\/uploads\/2024\/10\/Dovoljno-poena-18x12.jpg 18w, https:\/\/kuponi.live\/wp-content\/uploads\/2024\/10\/Dovoljno-poena.jpg 626w\" sizes=\"(max-width: 300px) 100vw, 300px\" \/><\/p><p style=\"text-align: left;\">Kada korisnik \u017eeli preuzeti\u00a0 nagradu, klikne na taj proizvod, dobije ekran koji smo vidjeli na tre\u0107oj slici u dijelu &#8221; <strong><em><span style=\"color: #ff0000;\">Nagrade, Istorija, Pravila<\/span><\/em><\/strong>&#8221; na <span style=\"text-decoration: underline;\"><span style=\"color: #0000ff; text-decoration: underline;\"><a style=\"color: #0000ff; text-decoration: underline;\" href=\"https:\/\/kuponi.live\/bs_ba\/osnovni-elementi-pocetnog-ekrana\/\" target=\"_blank\" rel=\"noopener\"><strong>ovoj stranici<\/strong><\/a><\/span><\/span>, zatim klikne na &#8220;Zatra\u017eite nagradu&#8221; i na ekranu dobije QR kod koji poka\u017ee nadle\u017enoj osobi.<\/p><p style=\"text-align: center;\"><a href=\"https:\/\/kuponi.live\/wp-content\/uploads\/2024\/10\/Screenshot_2024-10-23-23-44-48-031_com.android.chrome.jpg\"><img decoding=\"async\" class=\"alignnone wp-image-1926\" src=\"https:\/\/kuponi.live\/wp-content\/uploads\/2024\/10\/Screenshot_2024-10-23-23-44-48-031_com.android.chrome-181x300.jpg\" alt=\"\" width=\"300\" height=\"497\" srcset=\"https:\/\/kuponi.live\/wp-content\/uploads\/2024\/10\/Screenshot_2024-10-23-23-44-48-031_com.android.chrome-181x300.jpg 181w, https:\/\/kuponi.live\/wp-content\/uploads\/2024\/10\/Screenshot_2024-10-23-23-44-48-031_com.android.chrome-618x1024.jpg 618w, https:\/\/kuponi.live\/wp-content\/uploads\/2024\/10\/Screenshot_2024-10-23-23-44-48-031_com.android.chrome-7x12.jpg 7w, https:\/\/kuponi.live\/wp-content\/uploads\/2024\/10\/Screenshot_2024-10-23-23-44-48-031_com.android.chrome.jpg 676w\" sizes=\"(max-width: 300px) 100vw, 300px\" \/><\/a><\/p><p style=\"text-align: left;\">Nadle\u017ena osoba, kao u slu\u010daju dodjele bodova, skenira taj kod, preda nagradu korisniku kojem se automatski odbiju bodovi za onoliki iznos koliko bodova ta nagrada nosi.<\/p><p style=\"text-align: left;\">I opet konstatacija: <strong><span style=\"color: #ff0000;\">TO JE APSOLUTNO SVE \u0160TO JE POTREBNO URADITI<\/span>.<\/strong><\/p>\t\t\t\t\t\t\t\t<\/div>\n\t\t\t\t<\/div>\n\t\t\t\t\t<\/div>\n\t\t\t\t<\/div>\n\t\t\t\t\t<\/div>\n\t\t\t\t<\/div>\n\t\t\t\t\t<\/div>\n\t\t\t\t<\/div>\n\t\t\t\t\t<\/div>\n\t\t\t\t<\/div>\n\t\t\t\t<\/div>\n\t\t","protected":false},"excerpt":{"rendered":"<p>Preuzimanje nagrade Korisnik uz svaki proizvod vidi koliko je bodova potrebno sakupiti da dobije tu nagradu, bilo potpuno\u00a0 besplatan proizvod, bilo proizvod po ni\u017eoj cijeni. Uz svaki proizvod za koji ima dovoljno poena da se mo\u017ee preuzeti nagrada je zelena ta\u010dkica, znak da mo\u017ee dobiti tu nagradu. Kada korisnik \u017eeli preuzeti\u00a0 nagradu, klikne na taj &hellip; <\/p>\n<p class=\"link-more\"><a href=\"https:\/\/kuponi.live\/bs_ba\/preuzimanje-nagrade\/\" class=\"more-link\">Nastavi \u010ditati<span class=\"screen-reader-text\"> &#8220;Preuzimanje nagrade&#8221;<\/span><\/a><\/p>\n","protected":false},"author":1,"featured_media":0,"parent":0,"menu_order":0,"comment_status":"closed","ping_status":"closed","template":"elementor_header_footer","meta":{"footnotes":""},"class_list":["post-1118","page","type-page","status-publish","hentry"],"_links":{"self":[{"href":"https:\/\/kuponi.live\/bs_ba\/wp-json\/wp\/v2\/pages\/1118","targetHints":{"allow":["GET"]}}],"collection":[{"href":"https:\/\/kuponi.live\/bs_ba\/wp-json\/wp\/v2\/pages"}],"about":[{"href":"https:\/\/kuponi.live\/bs_ba\/wp-json\/wp\/v2\/types\/page"}],"author":[{"embeddable":true,"href":"https:\/\/kuponi.live\/bs_ba\/wp-json\/wp\/v2\/users\/1"}],"replies":[{"embeddable":true,"href":"https:\/\/kuponi.live\/bs_ba\/wp-json\/wp\/v2\/comments?post=1118"}],"version-history":[{"count":67,"href":"https:\/\/kuponi.live\/bs_ba\/wp-json\/wp\/v2\/pages\/1118\/revisions"}],"predecessor-version":[{"id":3154,"href":"https:\/\/kuponi.live\/bs_ba\/wp-json\/wp\/v2\/pages\/1118\/revisions\/3154"}],"wp:attachment":[{"href":"https:\/\/kuponi.live\/bs_ba\/wp-json\/wp\/v2\/media?parent=1118"}],"curies":[{"name":"wp","href":"https:\/\/api.w.org\/{rel}","templated":true}]}}