{"id":1936,"date":"2024-10-23T23:59:03","date_gmt":"2024-10-23T21:59:03","guid":{"rendered":"https:\/\/kuponi.live\/?page_id=1936"},"modified":"2025-08-18T18:28:26","modified_gmt":"2025-08-18T16:28:26","slug":"demo","status":"publish","type":"page","link":"https:\/\/kuponi.live\/bs_ba\/demo\/","title":{"rendered":"DEMO"},"content":{"rendered":"\t\t<div data-elementor-type=\"wp-page\" data-elementor-id=\"1936\" class=\"elementor elementor-1936\">\n\t\t\t\t<div class=\"elementor-element elementor-element-bcde64b e-flex e-con-boxed e-con e-parent\" data-id=\"bcde64b\" data-element_type=\"container\">\n\t\t\t\t\t<div class=\"e-con-inner\">\n\t\t\t\t<div class=\"elementor-element elementor-element-6888233 elementor-widget elementor-widget-text-editor\" data-id=\"6888233\" data-element_type=\"widget\" data-widget_type=\"text-editor.default\">\n\t\t\t\t<div class=\"elementor-widget-container\">\n\t\t\t\t\t\t\t\t\t<h3 style=\"text-align: center;\"><strong>Primjeri Nagradnih kartica vjernosti<\/strong><\/h3><p>Mo\u017eete testirati rad platforme Digitalne nagradne kartice vjernosti sa uklju\u010denih 23 kartica. Svaka kartica predstavlja jednu firmu, a u ovom slu\u010daju i jednu djelatnost.<\/p><p>Te djelatnosti su sljede\u0107e:<\/p><ol><li>Hotel<\/li><li>Moj ljubimac<\/li><li>Masa\u017eni salon<\/li><li>Kozmeti\u010dki studio<\/li><li>Frizerski salon<\/li><li>Apoteka<\/li><li>Buregd\u017einica<\/li><li>Restoran<\/li><li>\u0106evabd\u017einica<\/li><li>Fast Food<\/li><li>Doner<\/li><li>Mesnica<\/li><li>Taxi<\/li><li>Pizzeria<\/li><li>Nutricionizam i proteini<\/li><li>Bosanske delicije<\/li><li>Spazio<\/li><li>Maison Coco<\/li><li>Cinema i pozori\u0161te<\/li><li>Cinema i pozori\u0161te premium<\/li><li>Poslasti\u010darnica (Dessert)<\/li><li>FK Sarajevo<\/li><li>FK \u017deljezni\u010dar<\/li><\/ol><p>Da testirate bilo koju od ovih 23 djelatnosti, dovoljno je da se <strong>prijavite na samo jednu<\/strong>. Kada se prijavite na jednu, na po\u010detnoj stranici na dnu ekrana kliknite na <span style=\"color: #ff0000;\"><em><strong>Po\u010detna<\/strong><\/em><\/span> i dobi\u0107ete listu svih 23 djelatnosti (firmi).<\/p><p>Klikom na \u017eeljenu firmu, otvara se nagradna kartica lojalnosti te firme.<\/p><p><span style=\"text-decoration: underline;\"><strong><span style=\"color: #ff0000;\"><em>Ovo je jedinstvena karakteristika u oblasti Digitalnih nagradnih kartica vjernosti &#8211; omogu\u0107ava da se jednom registracijom bude registrovano na desetine kartica vjernosti.<\/em><\/span><\/strong><\/span><\/p><p>Za test je napravljen link na &#8220;Restoran&#8221;: Ako \u010ditate ovaj tekst na PC-ju i \u017eelite na njemu testirati kliknite na QR kod ispod; ako \u017eelite testirati na mobitelu, skenirajte taj QR kod.<\/p><p>Ako ovaj tekst \u010ditate na mobitelu, kliknite na QR kod.<\/p><p style=\"text-align: center;\"><a href=\"https:\/\/toployalty.net\/bs-ba\" target=\"_blank\" rel=\"noopener\"><img fetchpriority=\"high\" decoding=\"async\" class=\"aligncenter wp-image-3834 size-medium\" src=\"https:\/\/kuponi.live\/wp-content\/uploads\/2025\/08\/qr-code-1-300x300.png\" alt=\"\" width=\"300\" height=\"300\" srcset=\"https:\/\/kuponi.live\/wp-content\/uploads\/2025\/08\/qr-code-1-300x300.png 300w, https:\/\/kuponi.live\/wp-content\/uploads\/2025\/08\/qr-code-1-150x150.png 150w, https:\/\/kuponi.live\/wp-content\/uploads\/2025\/08\/qr-code-1-768x768.png 768w, https:\/\/kuponi.live\/wp-content\/uploads\/2025\/08\/qr-code-1-12x12.png 12w, https:\/\/kuponi.live\/wp-content\/uploads\/2025\/08\/qr-code-1-100x100.png 100w, https:\/\/kuponi.live\/wp-content\/uploads\/2025\/08\/qr-code-1.png 814w\" sizes=\"(max-width: 300px) 100vw, 300px\" \/><\/a><\/p><p style=\"text-align: left;\">Ako su vam potrebna obja\u0161njenja za rad, pogledajte <a href=\"https:\/\/kuponi.live\/bs_ba\/uputstvo\/\" target=\"_blank\" rel=\"noopener\"><strong><span style=\"text-decoration: underline;\"><span style=\"color: #0000ff; text-decoration: underline;\">UPUTSTVO<\/span><\/span><\/strong><\/a><\/p>\t\t\t\t\t\t\t\t<\/div>\n\t\t\t\t<\/div>\n\t\t\t\t\t<\/div>\n\t\t\t\t<\/div>\n\t\t\t\t<\/div>\n\t\t","protected":false},"excerpt":{"rendered":"<p>Primjeri Nagradnih kartica vjernosti Mo\u017eete testirati rad platforme Digitalne nagradne kartice vjernosti sa uklju\u010denih 23 kartica. Svaka kartica predstavlja jednu firmu, a u ovom slu\u010daju i jednu djelatnost. Te djelatnosti su sljede\u0107e: Hotel Moj ljubimac Masa\u017eni salon Kozmeti\u010dki studio Frizerski salon Apoteka Buregd\u017einica Restoran \u0106evabd\u017einica Fast Food Doner Mesnica Taxi Pizzeria Nutricionizam i proteini Bosanske &hellip; <\/p>\n<p class=\"link-more\"><a href=\"https:\/\/kuponi.live\/bs_ba\/demo\/\" class=\"more-link\">Nastavi \u010ditati<span class=\"screen-reader-text\"> &#8220;DEMO&#8221;<\/span><\/a><\/p>\n","protected":false},"author":1,"featured_media":0,"parent":0,"menu_order":0,"comment_status":"closed","ping_status":"closed","template":"elementor_header_footer","meta":{"footnotes":""},"class_list":["post-1936","page","type-page","status-publish","hentry"],"_links":{"self":[{"href":"https:\/\/kuponi.live\/bs_ba\/wp-json\/wp\/v2\/pages\/1936","targetHints":{"allow":["GET"]}}],"collection":[{"href":"https:\/\/kuponi.live\/bs_ba\/wp-json\/wp\/v2\/pages"}],"about":[{"href":"https:\/\/kuponi.live\/bs_ba\/wp-json\/wp\/v2\/types\/page"}],"author":[{"embeddable":true,"href":"https:\/\/kuponi.live\/bs_ba\/wp-json\/wp\/v2\/users\/1"}],"replies":[{"embeddable":true,"href":"https:\/\/kuponi.live\/bs_ba\/wp-json\/wp\/v2\/comments?post=1936"}],"version-history":[{"count":88,"href":"https:\/\/kuponi.live\/bs_ba\/wp-json\/wp\/v2\/pages\/1936\/revisions"}],"predecessor-version":[{"id":3840,"href":"https:\/\/kuponi.live\/bs_ba\/wp-json\/wp\/v2\/pages\/1936\/revisions\/3840"}],"wp:attachment":[{"href":"https:\/\/kuponi.live\/bs_ba\/wp-json\/wp\/v2\/media?parent=1936"}],"curies":[{"name":"wp","href":"https:\/\/api.w.org\/{rel}","templated":true}]}}