{"id":2632,"date":"2024-11-07T00:29:28","date_gmt":"2024-11-06T23:29:28","guid":{"rendered":"https:\/\/kuponi.live\/?page_id=2632"},"modified":"2024-11-07T00:40:57","modified_gmt":"2024-11-06T23:40:57","slug":"costa-coffe","status":"publish","type":"page","link":"https:\/\/kuponi.live\/bs_ba\/costa-coffe\/","title":{"rendered":"Costa Coffe"},"content":{"rendered":"\t\t<div data-elementor-type=\"wp-page\" data-elementor-id=\"2632\" class=\"elementor elementor-2632\">\n\t\t\t\t<div class=\"elementor-element elementor-element-527dc51 e-flex e-con-boxed e-con e-parent\" data-id=\"527dc51\" data-element_type=\"container\">\n\t\t\t\t\t<div class=\"e-con-inner\">\n\t\t\t\t<div class=\"elementor-element elementor-element-c7fb3ae elementor-widget elementor-widget-text-editor\" data-id=\"c7fb3ae\" data-element_type=\"widget\" data-widget_type=\"text-editor.default\">\n\t\t\t\t<div class=\"elementor-widget-container\">\n\t\t\t\t\t\t\t\t\t<p style=\"text-align: center;\">Costa Coffee<\/p>\t\t\t\t\t\t\t\t<\/div>\n\t\t\t\t<\/div>\n\t\t\t\t\t<\/div>\n\t\t\t\t<\/div>\n\t\t<div class=\"elementor-element elementor-element-b8f1870 e-flex e-con-boxed e-con e-parent\" data-id=\"b8f1870\" data-element_type=\"container\">\n\t\t\t\t\t<div class=\"e-con-inner\">\n\t\t\t\t<div class=\"elementor-element elementor-element-dbb11f6 elementor-widget elementor-widget-text-editor\" data-id=\"dbb11f6\" data-element_type=\"widget\" data-widget_type=\"text-editor.default\">\n\t\t\t\t<div class=\"elementor-widget-container\">\n\t\t\t\t\t\t\t\t\t<p>Kompaniju je 1995. kupio Whitebread, a 2019. prodao ju je The Coca-Cola Company za 3,9 milijardi funti. Costa Coffee ima preko 3000 trgovina u 31 zemlji.<\/p><p><strong>Iskustvo kupaca<\/strong><br \/>Costa Coffee Club dostupan je online i offline. Kako bi se pridru\u017eili Costa Coffee Clubu, korisnici moraju preuzeti aplikaciju Coffee Club.<\/p><p><strong>Mehanika lojalnosti<\/strong><br \/>\u010clanovi moraju skenirati svoj telefon kako bi po\u010deli prikupljati bodove svaki put kada posjete Costa Coffee. Svaki bod je vrijedan skupljanja. \u010clanovi svoje bodove mogu zamijeniti za hranu i pi\u0107e.<\/p><p><strong>Prednosti<\/strong><br \/>\u25cf 5 bodova za svaku \u00a31 potro\u0161enu u trgovini;<br \/>\u25cf Registrirajte se i sakupite 199 bonus bodova;<br \/>\u25cf Posebne pozivnice;<br \/>\u25cf Neograni\u010den Wi-Fi u trgovinama;<br \/>\u25cf Ekskluzivne VIP ponude.<\/p><p><strong>Drugi na\u010dini stjecanja koristi<\/strong><br \/>Uz novu Costa Coffee Club aplikaciju \u010dlanovi mogu prona\u0107i najbli\u017eu trgovinu, skupljati bodove i informirati se o pogodnostima.<\/p><p style=\"text-align: center;\"><a href=\"https:\/\/kuponi.live\/wp-content\/uploads\/2024\/11\/Costa-Coffe-1.jpg\"><img fetchpriority=\"high\" decoding=\"async\" class=\"aligncenter size-full wp-image-2641\" src=\"https:\/\/kuponi.live\/wp-content\/uploads\/2024\/11\/Costa-Coffe-1.jpg\" alt=\"\" width=\"654\" height=\"511\" srcset=\"https:\/\/kuponi.live\/wp-content\/uploads\/2024\/11\/Costa-Coffe-1.jpg 654w, https:\/\/kuponi.live\/wp-content\/uploads\/2024\/11\/Costa-Coffe-1-300x234.jpg 300w, https:\/\/kuponi.live\/wp-content\/uploads\/2024\/11\/Costa-Coffe-1-15x12.jpg 15w\" sizes=\"(max-width: 654px) 100vw, 654px\" \/><\/a><a href=\"https:\/\/kuponi.live\/wp-content\/uploads\/2024\/11\/Costa-Coffe-2.png\"><img decoding=\"async\" class=\"aligncenter size-full wp-image-2642\" src=\"https:\/\/kuponi.live\/wp-content\/uploads\/2024\/11\/Costa-Coffe-2.png\" alt=\"\" width=\"588\" height=\"360\" srcset=\"https:\/\/kuponi.live\/wp-content\/uploads\/2024\/11\/Costa-Coffe-2.png 588w, https:\/\/kuponi.live\/wp-content\/uploads\/2024\/11\/Costa-Coffe-2-300x184.png 300w, https:\/\/kuponi.live\/wp-content\/uploads\/2024\/11\/Costa-Coffe-2-18x12.png 18w\" sizes=\"(max-width: 588px) 100vw, 588px\" \/><\/a><\/p><p style=\"text-align: center;\"><a href=\"https:\/\/kuponi.live\/wp-content\/uploads\/2024\/11\/Costa-Coffe-3.jpg\"><img decoding=\"async\" class=\"aligncenter size-full wp-image-2643\" src=\"https:\/\/kuponi.live\/wp-content\/uploads\/2024\/11\/Costa-Coffe-3.jpg\" alt=\"\" width=\"571\" height=\"475\" srcset=\"https:\/\/kuponi.live\/wp-content\/uploads\/2024\/11\/Costa-Coffe-3.jpg 571w, https:\/\/kuponi.live\/wp-content\/uploads\/2024\/11\/Costa-Coffe-3-300x250.jpg 300w, https:\/\/kuponi.live\/wp-content\/uploads\/2024\/11\/Costa-Coffe-3-14x12.jpg 14w\" sizes=\"(max-width: 571px) 100vw, 571px\" \/><\/a><a href=\"https:\/\/kuponi.live\/wp-content\/uploads\/2024\/11\/Costa-Coffe-4.png\"><img loading=\"lazy\" decoding=\"async\" class=\"aligncenter size-full wp-image-2644\" src=\"https:\/\/kuponi.live\/wp-content\/uploads\/2024\/11\/Costa-Coffe-4.png\" alt=\"\" width=\"528\" height=\"211\" srcset=\"https:\/\/kuponi.live\/wp-content\/uploads\/2024\/11\/Costa-Coffe-4.png 528w, https:\/\/kuponi.live\/wp-content\/uploads\/2024\/11\/Costa-Coffe-4-300x120.png 300w, https:\/\/kuponi.live\/wp-content\/uploads\/2024\/11\/Costa-Coffe-4-18x7.png 18w\" sizes=\"(max-width: 528px) 100vw, 528px\" \/><\/a><\/p><p style=\"text-align: center;\"><a href=\"https:\/\/kuponi.live\/wp-content\/uploads\/2024\/11\/Costa-Coffe-5.jpg\"><img loading=\"lazy\" decoding=\"async\" class=\"aligncenter size-full wp-image-2645\" src=\"https:\/\/kuponi.live\/wp-content\/uploads\/2024\/11\/Costa-Coffe-5.jpg\" alt=\"\" width=\"566\" height=\"498\" srcset=\"https:\/\/kuponi.live\/wp-content\/uploads\/2024\/11\/Costa-Coffe-5.jpg 566w, https:\/\/kuponi.live\/wp-content\/uploads\/2024\/11\/Costa-Coffe-5-300x264.jpg 300w, https:\/\/kuponi.live\/wp-content\/uploads\/2024\/11\/Costa-Coffe-5-14x12.jpg 14w\" sizes=\"(max-width: 566px) 100vw, 566px\" \/><\/a><a href=\"https:\/\/kuponi.live\/wp-content\/uploads\/2024\/11\/Costa-Coffe-6.png\"><img loading=\"lazy\" decoding=\"async\" class=\"aligncenter size-full wp-image-2646\" src=\"https:\/\/kuponi.live\/wp-content\/uploads\/2024\/11\/Costa-Coffe-6.png\" alt=\"\" width=\"486\" height=\"218\" srcset=\"https:\/\/kuponi.live\/wp-content\/uploads\/2024\/11\/Costa-Coffe-6.png 486w, https:\/\/kuponi.live\/wp-content\/uploads\/2024\/11\/Costa-Coffe-6-300x135.png 300w, https:\/\/kuponi.live\/wp-content\/uploads\/2024\/11\/Costa-Coffe-6-18x8.png 18w\" sizes=\"(max-width: 486px) 100vw, 486px\" \/><\/a><\/p>\t\t\t\t\t\t\t\t<\/div>\n\t\t\t\t<\/div>\n\t\t\t\t\t<\/div>\n\t\t\t\t<\/div>\n\t\t\t\t<\/div>\n\t\t","protected":false},"excerpt":{"rendered":"<p>Costa Coffee Kompaniju je 1995. kupio Whitebread, a 2019. prodao ju je The Coca-Cola Company za 3,9 milijardi funti. Costa Coffee ima preko 3000 trgovina u 31 zemlji. Iskustvo kupacaCosta Coffee Club dostupan je online i offline. Kako bi se pridru\u017eili Costa Coffee Clubu, korisnici moraju preuzeti aplikaciju Coffee Club. Mehanika lojalnosti\u010clanovi moraju skenirati svoj &hellip; <\/p>\n<p class=\"link-more\"><a href=\"https:\/\/kuponi.live\/bs_ba\/costa-coffe\/\" class=\"more-link\">Nastavi \u010ditati<span class=\"screen-reader-text\"> &#8220;Costa Coffe&#8221;<\/span><\/a><\/p>\n","protected":false},"author":1,"featured_media":0,"parent":0,"menu_order":0,"comment_status":"closed","ping_status":"closed","template":"elementor_header_footer","meta":{"footnotes":""},"class_list":["post-2632","page","type-page","status-publish","hentry"],"_links":{"self":[{"href":"https:\/\/kuponi.live\/bs_ba\/wp-json\/wp\/v2\/pages\/2632","targetHints":{"allow":["GET"]}}],"collection":[{"href":"https:\/\/kuponi.live\/bs_ba\/wp-json\/wp\/v2\/pages"}],"about":[{"href":"https:\/\/kuponi.live\/bs_ba\/wp-json\/wp\/v2\/types\/page"}],"author":[{"embeddable":true,"href":"https:\/\/kuponi.live\/bs_ba\/wp-json\/wp\/v2\/users\/1"}],"replies":[{"embeddable":true,"href":"https:\/\/kuponi.live\/bs_ba\/wp-json\/wp\/v2\/comments?post=2632"}],"version-history":[{"count":10,"href":"https:\/\/kuponi.live\/bs_ba\/wp-json\/wp\/v2\/pages\/2632\/revisions"}],"predecessor-version":[{"id":2649,"href":"https:\/\/kuponi.live\/bs_ba\/wp-json\/wp\/v2\/pages\/2632\/revisions\/2649"}],"wp:attachment":[{"href":"https:\/\/kuponi.live\/bs_ba\/wp-json\/wp\/v2\/media?parent=2632"}],"curies":[{"name":"wp","href":"https:\/\/api.w.org\/{rel}","templated":true}]}}