{"id":2676,"date":"2024-11-07T20:25:15","date_gmt":"2024-11-07T19:25:15","guid":{"rendered":"https:\/\/kuponi.live\/?page_id=2676"},"modified":"2024-11-07T20:37:53","modified_gmt":"2024-11-07T19:37:53","slug":"kfc","status":"publish","type":"page","link":"https:\/\/kuponi.live\/bs_ba\/kfc\/","title":{"rendered":"KFC"},"content":{"rendered":"\t\t<div data-elementor-type=\"wp-page\" data-elementor-id=\"2676\" class=\"elementor elementor-2676\">\n\t\t\t\t<div class=\"elementor-element elementor-element-1d3b974 e-flex e-con-boxed e-con e-parent\" data-id=\"1d3b974\" data-element_type=\"container\">\n\t\t\t\t\t<div class=\"e-con-inner\">\n\t\t\t\t<div class=\"elementor-element elementor-element-ebd8576 elementor-widget elementor-widget-text-editor\" data-id=\"ebd8576\" data-element_type=\"widget\" data-widget_type=\"text-editor.default\">\n\t\t\t\t<div class=\"elementor-widget-container\">\n\t\t\t\t\t\t\t\t\t<p style=\"text-align: center;\"><strong>KFC<\/strong><\/p>\t\t\t\t\t\t\t\t<\/div>\n\t\t\t\t<\/div>\n\t\t\t\t\t<\/div>\n\t\t\t\t<\/div>\n\t\t<div class=\"elementor-element elementor-element-400a96e e-flex e-con-boxed e-con e-parent\" data-id=\"400a96e\" data-element_type=\"container\">\n\t\t\t\t\t<div class=\"e-con-inner\">\n\t\t\t\t<div class=\"elementor-element elementor-element-0f740cf elementor-widget elementor-widget-text-editor\" data-id=\"0f740cf\" data-element_type=\"widget\" data-widget_type=\"text-editor.default\">\n\t\t\t\t<div class=\"elementor-widget-container\">\n\t\t\t\t\t\t\t\t\t<h4 style=\"text-align: center;\"><a href=\"https:\/\/kuponi.live\/wp-content\/uploads\/2024\/11\/KFC_Rewards.jpg\"><img fetchpriority=\"high\" decoding=\"async\" class=\"aligncenter size-full wp-image-2697\" src=\"https:\/\/kuponi.live\/wp-content\/uploads\/2024\/11\/KFC_Rewards.jpg\" alt=\"\" width=\"770\" height=\"400\" srcset=\"https:\/\/kuponi.live\/wp-content\/uploads\/2024\/11\/KFC_Rewards.jpg 770w, https:\/\/kuponi.live\/wp-content\/uploads\/2024\/11\/KFC_Rewards-300x156.jpg 300w, https:\/\/kuponi.live\/wp-content\/uploads\/2024\/11\/KFC_Rewards-768x399.jpg 768w, https:\/\/kuponi.live\/wp-content\/uploads\/2024\/11\/KFC_Rewards-18x9.jpg 18w\" sizes=\"(max-width: 706px) 89vw, (max-width: 767px) 82vw, 740px\" \/><\/a><\/h4><h4><strong>Sistem zasnovan na ta\u010dkama<\/strong><\/h4><p>KFC program nagra\u0111ivanja radi na sistemu zasnovanom na bodovima gdje kupci zara\u0111uju 10 bodova za svaki potro\u0161en dolar koji ispunjava uslove. Ovaj sistem se primjenjuje na kupovine putem KFC aplikacije ili web stranice.<\/p><p>Ova jednostavna struktura zara\u0111ivanja olak\u0161ava korisnicima da shvate kako da akumuliraju bodove i prate svoj napredak prema nagradama.<\/p><p>Bodovi se mogu iskoristiti za razne besplatne nagrade za hranu. Ovaj sistem uklju\u010duje rotiraju\u0107i izbor artikala kao \u0161to su Kentucky Fried Chicken Nuggets od osam komada, sendvi\u010d sa piletinom ili prilog.<\/p><h4><span>Rotiraju\u0107e nagrade<\/span><\/h4><p><span>Nagrade koje se nude\u00a0 kontinuirano se a\u017euriraju, pru\u017eaju\u0107i svje\u017ei izbor artikala koje kupci mogu birati. Ovaj pristup poma\u017ee u odr\u017eavanju interesa i anga\u017emana kupaca, a istovremeno sprje\u010dava da program postane zastario.<\/span><\/p><h4><span>Personalizovane ponude<\/span><\/h4><p><span>\u010clanovi dobijaju personalizovane ponude na osnovu svojih preferencija i istorije kupovine. Ove ponude mogu uklju\u010divati \u200b\u200bpopuste ili besplatne artikle prilago\u0111ene individualnim ukusima kupaca. Personalizacija pobolj\u0161ava korisni\u010dko iskustvo \u010dine\u0107i nagrade relevantnijim i privla\u010dnijim.<\/span><\/p><h4><span>Ekskluzivna iskustva \u010dlanova<\/span><\/h4><p><span>Program ima za cilj da pru\u017ei posebna iskustva i ponude koje su dostupne samo \u010dlanovima nagra\u0111ivanja, kao \u0161to je rani pristup novim stavkama menija ili ekskluzivnim doga\u0111ajima.<\/span><\/p><p><span>Ekskluzivna iskustva dodaju vrijednost programu nagra\u0111ivanja i \u010dine da se \u010dlanovi osje\u0107aju posebno i cijenjeno, podsti\u010du\u0107i dublju povezanost s brendom.<\/span><\/p><h4><span>Podsticaj za prijavu<\/span><\/h4><p><span>Novi \u010dlanovi koji se prijave za KFC Rewards program mogu dobiti &#8220;kupi jedan-dobij-jedan-besplatno Smash'd Potato Bowl&#8221; kao ponudu dobrodo\u0161lice.<\/span><\/p><p><span>Ovaj poticaj ohrabruje nove korisnike da se pridru\u017ee programu i odmah po\u010dnu da se bave njime, poma\u017eu\u0107i u pove\u0107anju baze \u010dlanova.<\/span><\/p><p><strong>Nova verzija programa<\/strong><\/p><p>KFC je nedavno pokrenuo novu verziju svog prograna vjernosti. Rezultati su odli\u010dni:<\/p><ul role=\"list\"><li><span>U samo prva \u010detiri mjeseca od pokretanja programa, otkupljeno je 1,3 miliona nagrada.<\/span><\/li><li><span>Prosje\u010dna u\u010destalost kupaca KFC-a porasla je za 3%, \u0161to je dovelo do dodatnog profita od 1,27 miliona funti u istom periodu.\u00a0<\/span><\/li><li><span>Za \u010detiri mjeseca, program je pove\u0107ao kori\u0161tenje aplikacija, s nedjeljnim transakcijama koje su sko\u010dile za 22%, a dnevnim brojem korisnika poraslim za 44%.<\/span><\/li><li><span>Cijena po otkupu pala je za zna\u010dajnih 37% u odnosu na prethodni program &#8216;Klub pukovnika&#8217;.\u00a0<\/span><\/li><\/ul>\t\t\t\t\t\t\t\t<\/div>\n\t\t\t\t<\/div>\n\t\t\t\t\t<\/div>\n\t\t\t\t<\/div>\n\t\t<div class=\"elementor-element elementor-element-f341c53 e-flex e-con-boxed e-con e-parent\" data-id=\"f341c53\" data-element_type=\"container\">\n\t\t\t\t\t<div class=\"e-con-inner\">\n\t\t\t\t\t<\/div>\n\t\t\t\t<\/div>\n\t\t\t\t<\/div>\n\t\t","protected":false},"excerpt":{"rendered":"<p>KFC Sistem zasnovan na ta\u010dkama KFC program nagra\u0111ivanja radi na sistemu zasnovanom na bodovima gdje kupci zara\u0111uju 10 bodova za svaki potro\u0161en dolar koji ispunjava uslove. Ovaj sistem se primjenjuje na kupovine putem KFC aplikacije ili web stranice. Ova jednostavna struktura zara\u0111ivanja olak\u0161ava korisnicima da shvate kako da akumuliraju bodove i prate svoj napredak prema &hellip; <\/p>\n<p class=\"link-more\"><a href=\"https:\/\/kuponi.live\/bs_ba\/kfc\/\" class=\"more-link\">Nastavi \u010ditati<span class=\"screen-reader-text\"> &#8220;KFC&#8221;<\/span><\/a><\/p>\n","protected":false},"author":1,"featured_media":0,"parent":0,"menu_order":0,"comment_status":"closed","ping_status":"closed","template":"elementor_header_footer","meta":{"footnotes":""},"class_list":["post-2676","page","type-page","status-publish","hentry"],"_links":{"self":[{"href":"https:\/\/kuponi.live\/bs_ba\/wp-json\/wp\/v2\/pages\/2676","targetHints":{"allow":["GET"]}}],"collection":[{"href":"https:\/\/kuponi.live\/bs_ba\/wp-json\/wp\/v2\/pages"}],"about":[{"href":"https:\/\/kuponi.live\/bs_ba\/wp-json\/wp\/v2\/types\/page"}],"author":[{"embeddable":true,"href":"https:\/\/kuponi.live\/bs_ba\/wp-json\/wp\/v2\/users\/1"}],"replies":[{"embeddable":true,"href":"https:\/\/kuponi.live\/bs_ba\/wp-json\/wp\/v2\/comments?post=2676"}],"version-history":[{"count":22,"href":"https:\/\/kuponi.live\/bs_ba\/wp-json\/wp\/v2\/pages\/2676\/revisions"}],"predecessor-version":[{"id":2700,"href":"https:\/\/kuponi.live\/bs_ba\/wp-json\/wp\/v2\/pages\/2676\/revisions\/2700"}],"wp:attachment":[{"href":"https:\/\/kuponi.live\/bs_ba\/wp-json\/wp\/v2\/media?parent=2676"}],"curies":[{"name":"wp","href":"https:\/\/api.w.org\/{rel}","templated":true}]}}