{"id":615,"date":"2024-05-01T14:45:38","date_gmt":"2024-05-01T12:45:38","guid":{"rendered":"https:\/\/kuponi.live\/?page_id=615"},"modified":"2025-08-18T13:12:10","modified_gmt":"2025-08-18T11:12:10","slug":"pocetna","status":"publish","type":"page","link":"https:\/\/kuponi.live\/bs_ba\/","title":{"rendered":"Po\u010detna"},"content":{"rendered":"\t\t<div data-elementor-type=\"wp-page\" data-elementor-id=\"615\" class=\"elementor elementor-615\">\n\t\t\t\t<div class=\"elementor-element elementor-element-f9cf5a6 e-con-full e-flex e-con e-parent\" data-id=\"f9cf5a6\" data-element_type=\"container\">\n\t\t\t\t<div class=\"elementor-element elementor-element-2c6f87c elementor-widget elementor-widget-image\" data-id=\"2c6f87c\" data-element_type=\"widget\" data-widget_type=\"image.default\">\n\t\t\t\t<div class=\"elementor-widget-container\">\n\t\t\t\t\t\t\t\t\t\t\t\t\t\t\t<img decoding=\"async\" src=\"https:\/\/kuponi.live\/wp-content\/uploads\/2024\/05\/117.jpg\" title=\"117\" alt=\"117\" loading=\"lazy\" \/>\t\t\t\t\t\t\t\t\t\t\t\t\t\t\t<\/div>\n\t\t\t\t<\/div>\n\t\t\t\t<\/div>\n\t\t<div class=\"elementor-element elementor-element-a35af12 e-con-full e-flex e-con e-parent\" data-id=\"a35af12\" data-element_type=\"container\">\n\t\t\t\t<div class=\"elementor-element elementor-element-6fdf481 elementor-widget elementor-widget-image\" data-id=\"6fdf481\" data-element_type=\"widget\" data-widget_type=\"image.default\">\n\t\t\t\t<div class=\"elementor-widget-container\">\n\t\t\t\t\t\t\t\t\t\t\t\t\t\t\t<img decoding=\"async\" src=\"https:\/\/kuponi.live\/wp-content\/uploads\/2024\/05\/112212.png\" title=\"112212\" alt=\"112212\" loading=\"lazy\" \/>\t\t\t\t\t\t\t\t\t\t\t\t\t\t\t<\/div>\n\t\t\t\t<\/div>\n\t\t\t\t<\/div>\n\t\t<div class=\"elementor-element elementor-element-ebfa609 e-flex e-con-boxed e-con e-parent\" data-id=\"ebfa609\" data-element_type=\"container\">\n\t\t\t\t\t<div class=\"e-con-inner\">\n\t\t\t\t<div class=\"elementor-element elementor-element-9f46825 elementor-widget elementor-widget-spacer\" data-id=\"9f46825\" data-element_type=\"widget\" data-widget_type=\"spacer.default\">\n\t\t\t\t<div class=\"elementor-widget-container\">\n\t\t\t\t\t\t\t<div class=\"elementor-spacer\">\n\t\t\t<div class=\"elementor-spacer-inner\"><\/div>\n\t\t<\/div>\n\t\t\t\t\t\t<\/div>\n\t\t\t\t<\/div>\n\t\t\t\t\t<\/div>\n\t\t\t\t<\/div>\n\t\t<div class=\"elementor-element elementor-element-aa9101d e-flex e-con-boxed e-con e-parent\" data-id=\"aa9101d\" data-element_type=\"container\">\n\t\t\t\t\t<div class=\"e-con-inner\">\n\t\t\t\t<div class=\"elementor-element elementor-element-9a1507a elementor-widget elementor-widget-text-editor\" data-id=\"9a1507a\" data-element_type=\"widget\" data-widget_type=\"text-editor.default\">\n\t\t\t\t<div class=\"elementor-widget-container\">\n\t\t\t\t\t\t\t\t\t<p>Pobolj\u0161ajte zadr\u017eavanje postoje\u0107ih i privla\u010denje novih kupaca koriste\u0107i <strong>TOP LOYALTY<\/strong><\/p>\t\t\t\t\t\t\t\t<\/div>\n\t\t\t\t<\/div>\n\t\t\t\t\t<\/div>\n\t\t\t\t<\/div>\n\t\t<div class=\"elementor-element elementor-element-73f6112 e-flex e-con-boxed e-con e-parent\" data-id=\"73f6112\" data-element_type=\"container\">\n\t\t\t\t\t<div class=\"e-con-inner\">\n\t\t<div class=\"elementor-element elementor-element-b41fbb5 e-con-full e-flex e-con e-child\" data-id=\"b41fbb5\" data-element_type=\"container\">\n\t\t\t\t<div class=\"elementor-element elementor-element-2b729cf elementor-widget elementor-widget-text-editor\" data-id=\"2b729cf\" data-element_type=\"widget\" data-widget_type=\"text-editor.default\">\n\t\t\t\t<div class=\"elementor-widget-container\">\n\t\t\t\t\t\t\t\t\t<h4 class=\"grid__title mt30\" style=\"text-align: center;\"><strong><span style=\"color: #000000;\">DIGITALIZACIJA VJERNOSTI KUPACA<br \/><\/span><\/strong><\/h4><p><span style=\"color: #000000;\">Nagradite vjerne korisnike i pove\u0107ajte njihovu potro\u0161nju i lojalnost <strong>koriste\u0107i na\u0161u platformu kreiranja digitalnih kartica lojalnosti<\/strong>. <\/span><\/p><p><span style=\"color: #000000;\">Mi \u0107emo za va\u0161e poslovanje u bilo kojoj oblasti programirati\u00a0 <strong>digitalne kartice lojalnosti sa nagradama<\/strong>\u00a0 i <strong>privu\u0107i svakog potencijalnog kupca, anga\u017eirati ga, ste\u0107i njegovo opravdano povjerenje i <span style=\"text-decoration: underline;\">ostvariti vam ve\u0107u prodaju.<\/span><\/strong><\/span><\/p>\t\t\t\t\t\t\t\t<\/div>\n\t\t\t\t<\/div>\n\t\t\t\t<\/div>\n\t\t<div class=\"elementor-element elementor-element-d87783a e-con-full e-flex e-con e-child\" data-id=\"d87783a\" data-element_type=\"container\">\n\t\t\t\t<div class=\"elementor-element elementor-element-1c0b9b3 elementor-widget elementor-widget-image\" data-id=\"1c0b9b3\" data-element_type=\"widget\" data-widget_type=\"image.default\">\n\t\t\t\t<div class=\"elementor-widget-container\">\n\t\t\t\t\t\t\t\t\t\t\t\t\t\t\t<img fetchpriority=\"high\" decoding=\"async\" width=\"1800\" height=\"1028\" src=\"https:\/\/kuponi.live\/wp-content\/uploads\/2024\/05\/mob.png\" class=\"attachment-full size-full wp-image-739\" alt=\"\" srcset=\"https:\/\/kuponi.live\/wp-content\/uploads\/2024\/05\/mob.png 1800w, https:\/\/kuponi.live\/wp-content\/uploads\/2024\/05\/mob-300x171.png 300w, https:\/\/kuponi.live\/wp-content\/uploads\/2024\/05\/mob-1024x585.png 1024w, https:\/\/kuponi.live\/wp-content\/uploads\/2024\/05\/mob-768x439.png 768w, https:\/\/kuponi.live\/wp-content\/uploads\/2024\/05\/mob-1536x877.png 1536w, https:\/\/kuponi.live\/wp-content\/uploads\/2024\/05\/mob-720x411.png 720w\" sizes=\"100vw\" \/>\t\t\t\t\t\t\t\t\t\t\t\t\t\t\t<\/div>\n\t\t\t\t<\/div>\n\t\t\t\t<\/div>\n\t\t\t\t\t<\/div>\n\t\t\t\t<\/div>\n\t\t<div class=\"elementor-element elementor-element-551dbf1 e-flex e-con-boxed e-con e-parent\" data-id=\"551dbf1\" data-element_type=\"container\">\n\t\t\t\t\t<div class=\"e-con-inner\">\n\t\t<div class=\"elementor-element elementor-element-fed10b5 e-con-full e-flex e-con e-child\" data-id=\"fed10b5\" data-element_type=\"container\">\n\t\t\t\t<div class=\"elementor-element elementor-element-535f246 elementor-widget elementor-widget-text-editor\" data-id=\"535f246\" data-element_type=\"widget\" data-widget_type=\"text-editor.default\">\n\t\t\t\t<div class=\"elementor-widget-container\">\n\t\t\t\t\t\t\t\t\t<p><strong>Izgradite trajan odnos<\/strong> &#8211; Nagradite lojalne kupce.<br \/><strong>Nije potrebna aplikacija<\/strong> &#8211; temeljeno na webu, nema potrebe za instaliranjem aplikacije.<br \/><strong>Instant programi vjernosti<\/strong> &#8211; Nije potrebno tehni\u010dko znanje niti u\u010de\u0161\u0107e tre\u0107e strane.<br \/><strong>Web stranice s dodacima<\/strong> &#8211; Vrhunske stranice vjernosti s registracijom.<\/p>\t\t\t\t\t\t\t\t<\/div>\n\t\t\t\t<\/div>\n\t\t\t\t<\/div>\n\t\t<div class=\"elementor-element elementor-element-1a20733 e-con-full e-flex e-con e-child\" data-id=\"1a20733\" data-element_type=\"container\">\n\t\t\t\t<div class=\"elementor-element elementor-element-79f7fee elementor-widget elementor-widget-text-editor\" data-id=\"79f7fee\" data-element_type=\"widget\" data-widget_type=\"text-editor.default\">\n\t\t\t\t<div class=\"elementor-widget-container\">\n\t\t\t\t\t\t\t\t\t<p><strong>Optimizirano za mobilne ure\u0111aje<\/strong> &#8211; ali savr\u0161eno radi na tabletima i stolnim ra\u010dunalima.<br \/><strong>Detaljni uvidi<\/strong> &#8211; steknite uvid u ono \u0161to va\u0161i kupci \u017eele.<br \/><strong>Segmentirajte svoje kupce<\/strong> &#8211; upotrijebite segmente da biste dobili detaljniju analitiku.<br \/><strong>Mala ulaganja<\/strong> &#8211; Ponudite kvalitetan program vjernosti s malo ulaganja.<\/p>\t\t\t\t\t\t\t\t<\/div>\n\t\t\t\t<\/div>\n\t\t\t\t<\/div>\n\t\t\t\t\t<\/div>\n\t\t\t\t<\/div>\n\t\t<div class=\"elementor-element elementor-element-dfb3957 e-flex e-con-boxed e-con e-parent\" data-id=\"dfb3957\" data-element_type=\"container\">\n\t\t\t\t\t<div class=\"e-con-inner\">\n\t\t\t\t<div class=\"elementor-element elementor-element-ec83b10 elementor-widget elementor-widget-toggle\" data-id=\"ec83b10\" data-element_type=\"widget\" data-widget_type=\"toggle.default\">\n\t\t\t\t<div class=\"elementor-widget-container\">\n\t\t\t\t\t\t\t<div class=\"elementor-toggle\">\n\t\t\t\t\t\t\t<div class=\"elementor-toggle-item\">\n\t\t\t\t\t<div id=\"elementor-tab-title-2481\" class=\"elementor-tab-title\" data-tab=\"1\" role=\"button\" aria-controls=\"elementor-tab-content-2481\" aria-expanded=\"false\">\n\t\t\t\t\t\t\t\t\t\t\t\t<span class=\"elementor-toggle-icon elementor-toggle-icon-left\" aria-hidden=\"true\">\n\t\t\t\t\t\t\t\t\t\t\t\t\t\t\t<span class=\"elementor-toggle-icon-closed\"><svg class=\"e-font-icon-svg e-fas-caret-right\" viewBox=\"0 0 192 512\" xmlns=\"http:\/\/www.w3.org\/2000\/svg\"><path d=\"M0 384.662V127.338c0-17.818 21.543-26.741 34.142-14.142l128.662 128.662c7.81 7.81 7.81 20.474 0 28.284L34.142 398.804C21.543 411.404 0 402.48 0 384.662z\"><\/path><\/svg><\/span>\n\t\t\t\t\t\t\t\t<span class=\"elementor-toggle-icon-opened\"><svg class=\"elementor-toggle-icon-opened e-font-icon-svg e-fas-caret-up\" viewBox=\"0 0 320 512\" xmlns=\"http:\/\/www.w3.org\/2000\/svg\"><path d=\"M288.662 352H31.338c-17.818 0-26.741-21.543-14.142-34.142l128.662-128.662c7.81-7.81 20.474-7.81 28.284 0l128.662 128.662c12.6 12.599 3.676 34.142-14.142 34.142z\"><\/path><\/svg><\/span>\n\t\t\t\t\t\t\t\t\t\t\t\t\t<\/span>\n\t\t\t\t\t\t\t\t\t\t\t\t<a class=\"elementor-toggle-title\" tabindex=\"0\">Za\u0161to Top Loyalty<\/a>\n\t\t\t\t\t<\/div>\n\n\t\t\t\t\t<div id=\"elementor-tab-content-2481\" class=\"elementor-tab-content elementor-clearfix\" data-tab=\"1\" role=\"region\" aria-labelledby=\"elementor-tab-title-2481\"><p><strong>Top Loyaltyje<\/strong> rje\u0161enje za lojalnost posebno osmi\u0161ljeno za <strong>pobolj\u0161anje lojalnosti kupaca<\/strong> putem digitalnih nagradnih kartica. Sistem omogu\u0107uje <strong>zadr\u017eavanje postoje\u0107ih\u00a0 i privla\u010denje novih kupaca i rast poslovanja<\/strong> kroz sistem nagra\u0111ivanja usmjeren na kupce.<\/p><p>U temeljima svakog uspje\u0161nog poslovanja je baza lojalnih kupaca. <strong>Top Loyalty<\/strong> pojednostavljuje proces nagra\u0111ivanja va\u0161ih kupaca, <strong>pove\u0107ava broj stalnih kupaca<\/strong> i pove\u0107ava va\u0161u prodaju.<\/p><p>Bez obzira jeste li trgovac koji tra\u017ei efikasan na\u010din upravljanja programima kartica lojalnost ili firma koja tra\u017ei robusno rje\u0161enje koje je lako implementirati, <strong>Top<\/strong> <strong>Loyaltyje va\u0161 savr\u0161en izbor<\/strong>.<\/p><p>Fleksibilne, intuitivne i jednostavne za kori\u0161tenje digitalne nagradne kartice lojalnosti za sva preduze\u0107a. Nagradite lojalne korisnike i pove\u0107ajte njihovu potro\u0161nju i lojalnost pomo\u0107u na\u0161e platforme stvaranja nagrada.<\/p><p>Stvorite nagrade za svoje poslovanje u bilo kojoj oblasti i <strong>privucite svakog potencijalnog kupca<\/strong>, anga\u017eirajte ga, steknite povjerenje i <strong>ostvarite ve\u0107u prodaju<\/strong>!<\/p><p>U osnovi vam ovaj sistem omogu\u0107uje postavljanje programa nagra\u0111ivanja za va\u0161e klijente kako bi prikupljali bodove na temelju njihove potro\u0161nje, a zatim ih zamijenili za nagrade.<\/p><p><a href=\"https:\/\/kuponi.live\/bs_ba\/tl-vidi-vise\/\" target=\"_blank\" rel=\"noopener\"><span style=\"text-decoration: underline; color: #0000ff;\"><strong>Vidi vi\u0161e&#8230;.<\/strong><\/span><\/a><\/p><\/div>\n\t\t\t\t<\/div>\n\t\t\t\t\t\t\t<div class=\"elementor-toggle-item\">\n\t\t\t\t\t<div id=\"elementor-tab-title-2482\" class=\"elementor-tab-title\" data-tab=\"2\" role=\"button\" aria-controls=\"elementor-tab-content-2482\" aria-expanded=\"false\">\n\t\t\t\t\t\t\t\t\t\t\t\t<span class=\"elementor-toggle-icon elementor-toggle-icon-left\" aria-hidden=\"true\">\n\t\t\t\t\t\t\t\t\t\t\t\t\t\t\t<span class=\"elementor-toggle-icon-closed\"><svg class=\"e-font-icon-svg e-fas-caret-right\" viewBox=\"0 0 192 512\" xmlns=\"http:\/\/www.w3.org\/2000\/svg\"><path d=\"M0 384.662V127.338c0-17.818 21.543-26.741 34.142-14.142l128.662 128.662c7.81 7.81 7.81 20.474 0 28.284L34.142 398.804C21.543 411.404 0 402.48 0 384.662z\"><\/path><\/svg><\/span>\n\t\t\t\t\t\t\t\t<span class=\"elementor-toggle-icon-opened\"><svg class=\"elementor-toggle-icon-opened e-font-icon-svg e-fas-caret-up\" viewBox=\"0 0 320 512\" xmlns=\"http:\/\/www.w3.org\/2000\/svg\"><path d=\"M288.662 352H31.338c-17.818 0-26.741-21.543-14.142-34.142l128.662-128.662c7.81-7.81 20.474-7.81 28.284 0l128.662 128.662c12.6 12.599 3.676 34.142-14.142 34.142z\"><\/path><\/svg><\/span>\n\t\t\t\t\t\t\t\t\t\t\t\t\t<\/span>\n\t\t\t\t\t\t\t\t\t\t\t\t<a class=\"elementor-toggle-title\" tabindex=\"0\">\"Starbucks like\"<\/a>\n\t\t\t\t\t<\/div>\n\n\t\t\t\t\t<div id=\"elementor-tab-content-2482\" class=\"elementor-tab-content elementor-clearfix\" data-tab=\"2\" role=\"region\" aria-labelledby=\"elementor-tab-title-2482\"><p>Starbucks Loyalty Reward Cards se smatra najboljom svjetskom platformom za vjernost i nagra\u0111ivnje kupaca. Ogroman procenat ukupnog prometa Starbucksa, \u010dak 59%, se odvija preko ovih kartica koje koristi 34.3 miliona njihovih kupaca..<\/p><p>Osim svih funkcija koje ima navedena platforma<strong>, Top Lojalty (TL) ima neke dodatne funkcije koje Starbuck platforma nema<\/strong>.<strong><u><br \/><\/u><\/strong><\/p><p>Izme\u0111u ostalog, kod Starbucks-a se bodovi dobivaju samo ako se kupuje u Starbucks objektu &#8211; Top Loyalty omogu\u0107ava dobijanje bodova i <strong>za kupovinu proizvoda va\u0161eg brenda u bilo kojoj trgovini koja prodaje va\u0161e proizvode, kao i za online kupovinu<\/strong>.<\/p><p>Neke elemente kako je kafe restoran iz Seattle &#8211; a postao najve\u0107i restoranski lanac broj dva u svijetu (Broj 1 &#8211; McDonald's, cca 42.500 restorana, broj 2 &#8211; Starbucks cca 38.500 restorana) pogledajte u <a href=\"https:\/\/kuponi.live\/wp-content\/uploads\/2024\/10\/Starbucks-uspjeh-tajne-iza.docx\" target=\"_blank\" rel=\"noopener\"><span style=\"text-decoration: underline; color: #0000ff;\"><strong>Wordu<\/strong><\/span><\/a> u prilogu . Veoma zna\u010dajnu ulogu je odigrala i dan danas igra Digitalna nagradna kartica vjernosti.<\/p><\/div>\n\t\t\t\t<\/div>\n\t\t\t\t\t\t\t<div class=\"elementor-toggle-item\">\n\t\t\t\t\t<div id=\"elementor-tab-title-2483\" class=\"elementor-tab-title\" data-tab=\"3\" role=\"button\" aria-controls=\"elementor-tab-content-2483\" aria-expanded=\"false\">\n\t\t\t\t\t\t\t\t\t\t\t\t<span class=\"elementor-toggle-icon elementor-toggle-icon-left\" aria-hidden=\"true\">\n\t\t\t\t\t\t\t\t\t\t\t\t\t\t\t<span class=\"elementor-toggle-icon-closed\"><svg class=\"e-font-icon-svg e-fas-caret-right\" viewBox=\"0 0 192 512\" xmlns=\"http:\/\/www.w3.org\/2000\/svg\"><path d=\"M0 384.662V127.338c0-17.818 21.543-26.741 34.142-14.142l128.662 128.662c7.81 7.81 7.81 20.474 0 28.284L34.142 398.804C21.543 411.404 0 402.48 0 384.662z\"><\/path><\/svg><\/span>\n\t\t\t\t\t\t\t\t<span class=\"elementor-toggle-icon-opened\"><svg class=\"elementor-toggle-icon-opened e-font-icon-svg e-fas-caret-up\" viewBox=\"0 0 320 512\" xmlns=\"http:\/\/www.w3.org\/2000\/svg\"><path d=\"M288.662 352H31.338c-17.818 0-26.741-21.543-14.142-34.142l128.662-128.662c7.81-7.81 20.474-7.81 28.284 0l128.662 128.662c12.6 12.599 3.676 34.142-14.142 34.142z\"><\/path><\/svg><\/span>\n\t\t\t\t\t\t\t\t\t\t\t\t\t<\/span>\n\t\t\t\t\t\t\t\t\t\t\t\t<a class=\"elementor-toggle-title\" tabindex=\"0\">Osnovni postupci kreiranja platforme<\/a>\n\t\t\t\t\t<\/div>\n\n\t\t\t\t\t<div id=\"elementor-tab-content-2483\" class=\"elementor-tab-content elementor-clearfix\" data-tab=\"3\" role=\"region\" aria-labelledby=\"elementor-tab-title-2483\"><p><strong>Izbor nagrada<\/strong> &#8211; Odredite proizvode\/usluge koje \u017eelite ponuditi kao nagrade.<br \/><strong>Kreiranje nagrade<\/strong> &#8211; Stvorit \u0107emo potpuno hostirane prekrasne stranice trgovina, nagrada i darovnih kartica<br \/><strong>QR kod<\/strong> &#8211; Generi\u0161e se QR kod koji se skenira sa mobitela kupca svaki put kada kupuju kod vas i oni za to dobivaju bodove<br \/><strong>Otkup nagrade<\/strong> &#8211; nakon \u0161to imaju dovoljno bodova da preuzmu nagradu, kliknu dugme za iskori\u0161tavanje i preuzimaju je.<\/p><p>Dodatne detalje pogledajte u dijelu &#8220;<span style=\"color: #0000ff;\"><strong><a style=\"color: #0000ff;\" href=\"https:\/\/kuponi.live\/o-top-loyalty\/\" target=\"_blank\" rel=\"noopener\">O Top Loyalty<\/a><\/strong><\/span>&#8220;.<\/p><\/div>\n\t\t\t\t<\/div>\n\t\t\t\t\t\t\t\t<\/div>\n\t\t\t\t\t\t<\/div>\n\t\t\t\t<\/div>\n\t\t\t\t\t<\/div>\n\t\t\t\t<\/div>\n\t\t<div class=\"elementor-element elementor-element-153bc52 e-flex e-con-boxed e-con e-parent\" data-id=\"153bc52\" data-element_type=\"container\">\n\t\t\t\t\t<div class=\"e-con-inner\">\n\t\t\t\t\t<\/div>\n\t\t\t\t<\/div>\n\t\t\t\t<\/div>\n\t\t","protected":false},"excerpt":{"rendered":"<p>Pobolj\u0161ajte zadr\u017eavanje postoje\u0107ih i privla\u010denje novih kupaca koriste\u0107i TOP LOYALTY DIGITALIZACIJA VJERNOSTI KUPACA Nagradite vjerne korisnike i pove\u0107ajte njihovu potro\u0161nju i lojalnost koriste\u0107i na\u0161u platformu kreiranja digitalnih kartica lojalnosti. Mi \u0107emo za va\u0161e poslovanje u bilo kojoj oblasti programirati\u00a0 digitalne kartice lojalnosti sa nagradama\u00a0 i privu\u0107i svakog potencijalnog kupca, anga\u017eirati ga, ste\u0107i njegovo opravdano povjerenje &hellip; <\/p>\n<p class=\"link-more\"><a href=\"https:\/\/kuponi.live\/bs_ba\/\" class=\"more-link\">Nastavi \u010ditati<span class=\"screen-reader-text\"> &#8220;Po\u010detna&#8221;<\/span><\/a><\/p>\n","protected":false},"author":1,"featured_media":0,"parent":0,"menu_order":0,"comment_status":"closed","ping_status":"closed","template":"elementor_header_footer","meta":{"footnotes":""},"class_list":["post-615","page","type-page","status-publish","hentry"],"_links":{"self":[{"href":"https:\/\/kuponi.live\/bs_ba\/wp-json\/wp\/v2\/pages\/615","targetHints":{"allow":["GET"]}}],"collection":[{"href":"https:\/\/kuponi.live\/bs_ba\/wp-json\/wp\/v2\/pages"}],"about":[{"href":"https:\/\/kuponi.live\/bs_ba\/wp-json\/wp\/v2\/types\/page"}],"author":[{"embeddable":true,"href":"https:\/\/kuponi.live\/bs_ba\/wp-json\/wp\/v2\/users\/1"}],"replies":[{"embeddable":true,"href":"https:\/\/kuponi.live\/bs_ba\/wp-json\/wp\/v2\/comments?post=615"}],"version-history":[{"count":271,"href":"https:\/\/kuponi.live\/bs_ba\/wp-json\/wp\/v2\/pages\/615\/revisions"}],"predecessor-version":[{"id":3694,"href":"https:\/\/kuponi.live\/bs_ba\/wp-json\/wp\/v2\/pages\/615\/revisions\/3694"}],"wp:attachment":[{"href":"https:\/\/kuponi.live\/bs_ba\/wp-json\/wp\/v2\/media?parent=615"}],"curies":[{"name":"wp","href":"https:\/\/api.w.org\/{rel}","templated":true}]}}