{"id":1021,"date":"2024-05-02T13:12:53","date_gmt":"2024-05-02T11:12:53","guid":{"rendered":"https:\/\/kuponi.live\/?page_id=1021"},"modified":"2025-08-18T16:06:56","modified_gmt":"2025-08-18T14:06:56","slug":"korisnik-klijent-kupac","status":"publish","type":"page","link":"https:\/\/kuponi.live\/en\/korisnik-klijent-kupac\/","title":{"rendered":"Korisnik (Klijent, Kupac)"},"content":{"rendered":"<div data-elementor-type=\"wp-page\" data-elementor-id=\"1021\" class=\"elementor elementor-1021\">\n\t\t\t\t<div class=\"elementor-element elementor-element-a18f9cd e-flex e-con-boxed e-con e-parent\" data-id=\"a18f9cd\" data-element_type=\"container\">\n\t\t\t\t\t<div class=\"e-con-inner\">\n\t\t\t\t<div class=\"elementor-element elementor-element-d2cd87f elementor-widget elementor-widget-text-editor\" data-id=\"d2cd87f\" data-element_type=\"widget\" data-widget_type=\"text-editor.default\">\n\t\t\t\t<div class=\"elementor-widget-container\">\n\t\t\t\t\t\t\t\t\t<p>Working with digital rewards loyalty cards is very simple. See the first of three basic functions, User Registration:<\/p>\t\t\t\t\t\t\t\t<\/div>\n\t\t\t\t<\/div>\n\t\t\t\t\t<\/div>\n\t\t\t\t<\/div>\n\t\t<div class=\"elementor-element elementor-element-c933112 e-flex e-con-boxed e-con e-parent\" data-id=\"c933112\" data-element_type=\"container\">\n\t\t\t\t\t<div class=\"e-con-inner\">\n\t\t\t\t<div class=\"elementor-element elementor-element-cc37679 elementor-widget elementor-widget-text-editor\" data-id=\"cc37679\" data-element_type=\"widget\" data-widget_type=\"text-editor.default\">\n\t\t\t\t<div class=\"elementor-widget-container\">\n\t\t\t\t\t\t\t\t\t<h3><strong>User registration and login<\/strong><\/h3><p style=\"text-align: left;\">Registracija je najjednostavnija od svih drugih na sli\u010dnim platformama.. Jednostavno se skenira QR kod koji se nalazi na\u00a0 internet stranici, na izlogu\/vratima objekta, uz kasu, na stolovima&#8230;.Dobija se ekran:<\/p><p style=\"text-align: left;\"><a href=\"https:\/\/kuponi.live\/wp-content\/uploads\/2025\/08\/001.jpg\"><img fetchpriority=\"high\" decoding=\"async\" class=\"aligncenter wp-image-3749\" src=\"https:\/\/kuponi.live\/wp-content\/uploads\/2025\/08\/001.jpg\" alt=\"\" width=\"335\" height=\"499\" srcset=\"https:\/\/kuponi.live\/wp-content\/uploads\/2025\/08\/001.jpg 466w, https:\/\/kuponi.live\/wp-content\/uploads\/2025\/08\/001-201x300.jpg 201w, https:\/\/kuponi.live\/wp-content\/uploads\/2025\/08\/001-8x12.jpg 8w\" sizes=\"(max-width: 335px) 100vw, 335px\" \/><\/a>Potrebno je samo unijeti neko ime i ispravnu e-mail adresu i kliknuti na &#8220;Napravite ra\u010dun&#8221;. Na email koji je naveden se dobija lozinka (za slu\u010daj da ne dobijete mail provjerite ne\u017eeljenu po\u0161tu), a ekran za prijavu je tada kao ispod:<\/p><p style=\"text-align: center;\"><a href=\"https:\/\/kuponi.live\/wp-content\/uploads\/2024\/11\/Screenshot_2024-11-02-22-10-33-394_com.android.chrome.jpg\"><img decoding=\"async\" class=\"alignnone wp-image-1730\" src=\"https:\/\/kuponi.live\/wp-content\/uploads\/2024\/11\/Screenshot_2024-11-02-22-10-33-394_com.android.chrome.jpg\" alt=\"\" width=\"330\" height=\"493\" srcset=\"https:\/\/kuponi.live\/wp-content\/uploads\/2024\/11\/Screenshot_2024-11-02-22-10-33-394_com.android.chrome.jpg 609w, https:\/\/kuponi.live\/wp-content\/uploads\/2024\/11\/Screenshot_2024-11-02-22-10-33-394_com.android.chrome-221x300.jpg 221w, https:\/\/kuponi.live\/wp-content\/uploads\/2024\/11\/Screenshot_2024-11-02-22-10-33-394_com.android.chrome-9x12.jpg 9w\" sizes=\"(max-width: 330px) 100vw, 330px\" \/><\/a><\/p><p style=\"text-align: left;\">Ispune se SAMO dva\u00a0 polja, email adresa i lozinka koja se dobila pri registraciji, klikne na &#8220;Prijava&#8221; i postaje se \u010dlan programa lojalnosti.<\/p><p style=\"text-align: left;\"><span style=\"color: #ff0000;\"><strong>PREPORUKA 1<\/strong><\/span>: Kada se skenira QR kod i dobije stranica u pretra\u017eiva\u010du, spasite taj link\u00a0 na po\u010detni ekran, tako da uvijek imate pristup klikom na ikonu kao sa bilo koje instalisane aplikacije.<\/p><p style=\"text-align: left;\">Za one koji ne znaju kako se to radi, uradite slijede\u0107e: Na stranici na kojoj se nalazite kliknite na oznaku menija (tri ta\u010dkice u gornjem desnom uglu, <a href=\"https:\/\/kuponi.live\/wp-content\/uploads\/2025\/03\/1.png\" target=\"_blank\" rel=\"noopener\"><strong><span style=\"text-decoration: underline;\"><span style=\"color: #0000ff; text-decoration: underline;\">vidite sliku<\/span><\/span><\/strong><\/a> ) a zatim u meniju koji se otvori kliknite na &#8220;Dodaj na po\u010detni ekran&#8221;, <span style=\"text-decoration: underline;\"><span style=\"color: #0000ff; text-decoration: underline;\"><strong><a style=\"color: #0000ff; text-decoration: underline;\" href=\"https:\/\/kuponi.live\/wp-content\/uploads\/2025\/03\/2.png\" target=\"_blank\" rel=\"noopener\">vidite sliku<\/a><\/strong><\/span><\/span><\/p><p style=\"text-align: left;\">Na ekranu mobitela \u0107e se pojaviti <a href=\"https:\/\/kuponi.live\/wp-content\/uploads\/2025\/03\/4.jpg\" target=\"_blank\" rel=\"noopener\"><span style=\"text-decoration: underline;\"><strong><span style=\"color: #0000ff; text-decoration: underline;\">ikona<\/span><\/strong><\/span><\/a> \u00a0 me\u0111u ikonama drugih aplikacija, klikom na nju otvarate karticu loyalnosti.\u00a0<\/p><p style=\"text-align: left;\"><strong><span style=\"color: #ff0000;\">PREPORUKA 2<\/span><\/strong>: Pri registraciji prihvatite da <a href=\"https:\/\/kuponi.live\/wp-content\/uploads\/2025\/03\/3.png\" target=\"_blank\" rel=\"noopener\"><span style=\"text-decoration: underline; color: #0000ff;\"><strong>primate obavijesti<\/strong><\/span><\/a> o novostima. Tako \u0107ete biti informisani o raznim akcijama, o preuzimanju bodova za razne prigode, o dobijanju duplih bodova za neke vremenske intervale, o novim proizvodima, novim funkcijama kartice itd&#8230;<\/p><p><strong>FORWARD<\/strong>: <a href=\"https:\/\/kuponi.live\/en\/osnovni-elementi-pocetnog-ekrana\/\" target=\"_blank\" rel=\"noopener\"><span style=\"color: #0000ff;\"><strong>Basic elements of the home screen<\/strong><\/span><\/a><\/p>\t\t\t\t\t\t\t\t<\/div>\n\t\t\t\t<\/div>\n\t\t\t\t\t<\/div>\n\t\t\t\t<\/div>\n\t\t\t\t<\/div>","protected":false},"excerpt":{"rendered":"<p>Rad sa digitalnim nagradnim kartica vjernosti je veoma jednostavan. Pogledajte prvu od ukupno tri osnovne funkcije, Registraciju korisnika: Registracija i prijava korisnika Registracija je najjednostavnija od svih drugih na sli\u010dnim platformama.. Jednostavno se skenira QR kod koji se nalazi na\u00a0 internet stranici, na izlogu\/vratima objekta, uz kasu, na stolovima&#8230;.Dobija se ekran: Potrebno je samo unijeti &hellip; <\/p>\n<p class=\"link-more\"><a href=\"https:\/\/kuponi.live\/en\/korisnik-klijent-kupac\/\" class=\"more-link\">Continue reading<span class=\"screen-reader-text\"> &#8220;Korisnik (Klijent, Kupac)&#8221;<\/span><\/a><\/p>","protected":false},"author":1,"featured_media":0,"parent":0,"menu_order":0,"comment_status":"closed","ping_status":"closed","template":"elementor_header_footer","meta":{"footnotes":""},"class_list":["post-1021","page","type-page","status-publish","hentry"],"_links":{"self":[{"href":"https:\/\/kuponi.live\/en\/wp-json\/wp\/v2\/pages\/1021","targetHints":{"allow":["GET"]}}],"collection":[{"href":"https:\/\/kuponi.live\/en\/wp-json\/wp\/v2\/pages"}],"about":[{"href":"https:\/\/kuponi.live\/en\/wp-json\/wp\/v2\/types\/page"}],"author":[{"embeddable":true,"href":"https:\/\/kuponi.live\/en\/wp-json\/wp\/v2\/users\/1"}],"replies":[{"embeddable":true,"href":"https:\/\/kuponi.live\/en\/wp-json\/wp\/v2\/comments?post=1021"}],"version-history":[{"count":199,"href":"https:\/\/kuponi.live\/en\/wp-json\/wp\/v2\/pages\/1021\/revisions"}],"predecessor-version":[{"id":3777,"href":"https:\/\/kuponi.live\/en\/wp-json\/wp\/v2\/pages\/1021\/revisions\/3777"}],"wp:attachment":[{"href":"https:\/\/kuponi.live\/en\/wp-json\/wp\/v2\/media?parent=1021"}],"curies":[{"name":"wp","href":"https:\/\/api.w.org\/{rel}","templated":true}]}}