{"id":1103,"date":"2024-05-02T16:21:49","date_gmt":"2024-05-02T14:21:49","guid":{"rendered":"https:\/\/kuponi.live\/?page_id=1103"},"modified":"2024-10-24T12:15:22","modified_gmt":"2024-10-24T10:15:22","slug":"dobijanje-nagradnih-bodova","status":"publish","type":"page","link":"https:\/\/kuponi.live\/en\/dobijanje-nagradnih-bodova\/","title":{"rendered":"Dobijanje nagradnih bodova"},"content":{"rendered":"<div data-elementor-type=\"wp-page\" data-elementor-id=\"1103\" class=\"elementor elementor-1103\">\n\t\t\t\t<div class=\"elementor-element elementor-element-dfb4221 e-flex e-con-boxed e-con e-parent\" data-id=\"dfb4221\" data-element_type=\"container\">\n\t\t\t\t\t<div class=\"e-con-inner\">\n\t\t<div class=\"elementor-element elementor-element-934eb2c e-flex e-con-boxed e-con e-child\" data-id=\"934eb2c\" data-element_type=\"container\">\n\t\t\t\t\t<div class=\"e-con-inner\">\n\t\t<div class=\"elementor-element elementor-element-a47ff37 e-flex e-con-boxed e-con e-child\" data-id=\"a47ff37\" data-element_type=\"container\">\n\t\t\t\t\t<div class=\"e-con-inner\">\n\t\t\t\t<div class=\"elementor-element elementor-element-738313c elementor-widget elementor-widget-text-editor\" data-id=\"738313c\" data-element_type=\"widget\" data-widget_type=\"text-editor.default\">\n\t\t\t\t<div class=\"elementor-widget-container\">\n\t\t\t\t\t\t\t\t\t<h3 style=\"text-align: center;\"><span style=\"text-decoration: underline;\"><strong>Obtaining\/recording reward points<br \/><\/strong><\/span><\/h3><p style=\"text-align: left;\">When the user spends some amount in the store, he simply shows the home screen to the person in charge, who scans the QR code located in the upper right corner of the screen with his mobile phone.<\/p><p style=\"text-align: center;\"><a href=\"https:\/\/kuponi.live\/wp-content\/uploads\/2024\/11\/123.jpg\"><img fetchpriority=\"high\" decoding=\"async\" class=\"alignnone wp-image-1899\" src=\"https:\/\/kuponi.live\/wp-content\/uploads\/2024\/11\/123.jpg\" alt=\"\" width=\"400\" height=\"345\" srcset=\"https:\/\/kuponi.live\/wp-content\/uploads\/2024\/11\/123.jpg 667w, https:\/\/kuponi.live\/wp-content\/uploads\/2024\/11\/123-300x284.jpg 300w, https:\/\/kuponi.live\/wp-content\/uploads\/2024\/11\/123-13x12.jpg 13w\" sizes=\"(max-width: 400px) 100vw, 400px\" \/><\/a><\/p><p style=\"text-align: left;\" class=\"translation-block\">And that is <strong>ABSOLUTELY ALL<\/strong> the user is required to do.<\/p><p style=\"text-align: left;\" class=\"translation-block\">In the program of the person who allocates points, after scanning the user's QR code, a screen opens in which the competent person enters the amount spent or the corresponding points, and to protect against fraud, he takes a photo of the receipt and <strong>THAT'S ALL<\/strong> what the competent person needs to do person.<\/p><p style=\"text-align: left;\">The user's balance is automatically increased by the amount of earned points, and the complete transaction is recorded in the History of both the user and the authorized person.<\/p><p style=\"text-align: left;\"><strong>The user receives an email notification for each transaction.<\/strong><\/p><p class=\"translation-block\"><strong>FORWARD: <span style=\"color: #0000ff\"><a style=\"color: #0000ff\" href=\"https:\/\/kuponi.live\/en\/reward-reward\/\" target=\"_blank\" rel=\"noopener\">Reward claim<\/a><\/span><\/strong><\/p>\t\t\t\t\t\t\t\t<\/div>\n\t\t\t\t<\/div>\n\t\t\t\t\t<\/div>\n\t\t\t\t<\/div>\n\t\t\t\t\t<\/div>\n\t\t\t\t<\/div>\n\t\t\t\t\t<\/div>\n\t\t\t\t<\/div>\n\t\t\t\t<\/div>","protected":false},"excerpt":{"rendered":"<p>Dobijanje\/evidentiranje nagradnih bodova Kada korisnik potro\u0161i neki iznos u trgovini, on jednostavno poka\u017ee po\u010detni ekran nadle\u017enoj osobi, koja svojim mobitelom\u00a0 skenira QR kod koji se nalazi u gornjem desnom uglu ekrana. I to je APSOLUTNO SVE \u0161to je potreno da uradi korisnik. U programu osobe koja dodjeljuje bodove\u00a0 se nakon skeniranja QR koda korisnika otvori &hellip; <\/p>\n<p class=\"link-more\"><a href=\"https:\/\/kuponi.live\/en\/dobijanje-nagradnih-bodova\/\" class=\"more-link\">Continue reading<span class=\"screen-reader-text\"> &#8220;Dobijanje nagradnih bodova&#8221;<\/span><\/a><\/p>","protected":false},"author":1,"featured_media":0,"parent":0,"menu_order":0,"comment_status":"closed","ping_status":"closed","template":"elementor_header_footer","meta":{"footnotes":""},"class_list":["post-1103","page","type-page","status-publish","hentry"],"_links":{"self":[{"href":"https:\/\/kuponi.live\/en\/wp-json\/wp\/v2\/pages\/1103","targetHints":{"allow":["GET"]}}],"collection":[{"href":"https:\/\/kuponi.live\/en\/wp-json\/wp\/v2\/pages"}],"about":[{"href":"https:\/\/kuponi.live\/en\/wp-json\/wp\/v2\/types\/page"}],"author":[{"embeddable":true,"href":"https:\/\/kuponi.live\/en\/wp-json\/wp\/v2\/users\/1"}],"replies":[{"embeddable":true,"href":"https:\/\/kuponi.live\/en\/wp-json\/wp\/v2\/comments?post=1103"}],"version-history":[{"count":46,"href":"https:\/\/kuponi.live\/en\/wp-json\/wp\/v2\/pages\/1103\/revisions"}],"predecessor-version":[{"id":2004,"href":"https:\/\/kuponi.live\/en\/wp-json\/wp\/v2\/pages\/1103\/revisions\/2004"}],"wp:attachment":[{"href":"https:\/\/kuponi.live\/en\/wp-json\/wp\/v2\/media?parent=1103"}],"curies":[{"name":"wp","href":"https:\/\/api.w.org\/{rel}","templated":true}]}}