{"id":1118,"date":"2024-05-02T17:07:07","date_gmt":"2024-05-02T15:07:07","guid":{"rendered":"https:\/\/kuponi.live\/?page_id=1118"},"modified":"2025-02-22T22:45:32","modified_gmt":"2025-02-22T21:45:32","slug":"preuzimanje-nagrade","status":"publish","type":"page","link":"https:\/\/kuponi.live\/en\/preuzimanje-nagrade\/","title":{"rendered":"Claiming the prize"},"content":{"rendered":"<div data-elementor-type=\"wp-page\" data-elementor-id=\"1118\" class=\"elementor elementor-1118\">\n\t\t\t\t<div class=\"elementor-element elementor-element-5e19544 e-flex e-con-boxed e-con e-parent\" data-id=\"5e19544\" data-element_type=\"container\">\n\t\t\t\t\t<div class=\"e-con-inner\">\n\t\t<div class=\"elementor-element elementor-element-b2a52e8 e-flex e-con-boxed e-con e-child\" data-id=\"b2a52e8\" data-element_type=\"container\">\n\t\t\t\t\t<div class=\"e-con-inner\">\n\t\t<div class=\"elementor-element elementor-element-d9a1aaa e-flex e-con-boxed e-con e-child\" data-id=\"d9a1aaa\" data-element_type=\"container\">\n\t\t\t\t\t<div class=\"e-con-inner\">\n\t\t<div class=\"elementor-element elementor-element-f3ecb2f e-flex e-con-boxed e-con e-child\" data-id=\"f3ecb2f\" data-element_type=\"container\">\n\t\t\t\t\t<div class=\"e-con-inner\">\n\t\t\t\t<div class=\"elementor-element elementor-element-5eb72ee elementor-widget elementor-widget-text-editor\" data-id=\"5eb72ee\" data-element_type=\"widget\" data-widget_type=\"text-editor.default\">\n\t\t\t\t<div class=\"elementor-widget-container\">\n\t\t\t\t\t\t\t\t\t<h3 style=\"text-align: center;\"><span style=\"text-decoration: underline;\"><strong>Claiming the prize<br \/><\/strong><\/span><\/h3><p style=\"text-align: left;\">With each product, the user sees how many points need to be collected to receive that prize, either a completely free product or a product at a lower price.<\/p><p style=\"text-align: left;\">Each product for which there are enough points to claim a prize has a green dot, a sign that it can receive that prize.<\/p><p><img fetchpriority=\"high\" decoding=\"async\" class=\"alignnone wp-image-1912 size-medium\" src=\"https:\/\/kuponi.live\/wp-content\/uploads\/2024\/11\/Screenshot_2024-11-02-23-52-51-737_com.android.chrome.jpg\" alt=\"\" width=\"300\" height=\"182\" srcset=\"https:\/\/kuponi.live\/wp-content\/uploads\/2024\/11\/Screenshot_2024-11-02-23-52-51-737_com.android.chrome.jpg 634w, https:\/\/kuponi.live\/wp-content\/uploads\/2024\/11\/Screenshot_2024-11-02-23-52-51-737_com.android.chrome-300x159.jpg 300w, https:\/\/kuponi.live\/wp-content\/uploads\/2024\/11\/Screenshot_2024-11-02-23-52-51-737_com.android.chrome-18x10.jpg 18w\" sizes=\"(max-width: 300px) 100vw, 300px\" \/><\/p><p style=\"text-align: left;\">Kada korisnik \u017eeli preuzeti\u00a0 nagradu, klikne na taj proizvod, dobije ekran koji smo vidjeli na tre\u0107oj slici u dijelu &#8221; <strong><em><span style=\"color: #ff0000;\">Nagrade, Istorija, Pravila<\/span><\/em><\/strong>&#8221; na <span style=\"text-decoration: underline;\"><span style=\"color: #0000ff; text-decoration: underline;\"><a style=\"color: #0000ff; text-decoration: underline;\" href=\"https:\/\/kuponi.live\/en\/osnovni-elementi-pocetnog-ekrana\/\" target=\"_blank\" rel=\"noopener\"><strong>ovoj stranici<\/strong><\/a><\/span><\/span>, zatim klikne na &#8220;Zatra\u017eite nagradu&#8221; i na ekranu dobije QR kod koji poka\u017ee nadle\u017enoj osobi.<\/p><p style=\"text-align: center;\"><a href=\"https:\/\/kuponi.live\/wp-content\/uploads\/2024\/11\/Screenshot_2024-11-02-23-57-14-596_com.android.chrome.jpg\"><img decoding=\"async\" class=\"alignnone wp-image-1926\" src=\"https:\/\/kuponi.live\/wp-content\/uploads\/2024\/11\/Screenshot_2024-11-02-23-57-14-596_com.android.chrome.jpg\" alt=\"\" width=\"300\" height=\"497\" srcset=\"https:\/\/kuponi.live\/wp-content\/uploads\/2024\/11\/Screenshot_2024-11-02-23-57-14-596_com.android.chrome.jpg 666w, https:\/\/kuponi.live\/wp-content\/uploads\/2024\/11\/Screenshot_2024-11-02-23-57-14-596_com.android.chrome-153x300.jpg 153w, https:\/\/kuponi.live\/wp-content\/uploads\/2024\/11\/Screenshot_2024-11-02-23-57-14-596_com.android.chrome-522x1024.jpg 522w, https:\/\/kuponi.live\/wp-content\/uploads\/2024\/11\/Screenshot_2024-11-02-23-57-14-596_com.android.chrome-6x12.jpg 6w\" sizes=\"(max-width: 300px) 100vw, 300px\" \/><\/a><\/p><p style=\"text-align: left;\">The competent person, as in the case of awarding points, scans that code, hands over the prize to the user, who is automatically deducted points for the amount of points that the prize carries.<\/p><p style=\"text-align: left;\" class=\"translation-block\">And another statement: <strong>THAT IS ABSOLUTELY ALL THAT NEEDS TO BE DONE.<\/strong><\/p>\t\t\t\t\t\t\t\t<\/div>\n\t\t\t\t<\/div>\n\t\t\t\t\t<\/div>\n\t\t\t\t<\/div>\n\t\t\t\t\t<\/div>\n\t\t\t\t<\/div>\n\t\t\t\t\t<\/div>\n\t\t\t\t<\/div>\n\t\t\t\t\t<\/div>\n\t\t\t\t<\/div>\n\t\t\t\t<\/div>","protected":false},"excerpt":{"rendered":"<p>Preuzimanje nagrade Korisnik uz svaki proizvod vidi koliko je bodova potrebno sakupiti da dobije tu nagradu, bilo potpuno\u00a0 besplatan proizvod, bilo proizvod po ni\u017eoj cijeni. Uz svaki proizvod za koji ima dovoljno poena da se mo\u017ee preuzeti nagrada je zelena ta\u010dkica, znak da mo\u017ee dobiti tu nagradu. Kada korisnik \u017eeli preuzeti\u00a0 nagradu, klikne na taj &hellip; <\/p>\n<p class=\"link-more\"><a href=\"https:\/\/kuponi.live\/en\/preuzimanje-nagrade\/\" class=\"more-link\">Continue reading<span class=\"screen-reader-text\"> &#8220;Preuzimanje nagrade&#8221;<\/span><\/a><\/p>","protected":false},"author":1,"featured_media":0,"parent":0,"menu_order":0,"comment_status":"closed","ping_status":"closed","template":"elementor_header_footer","meta":{"footnotes":""},"class_list":["post-1118","page","type-page","status-publish","hentry"],"_links":{"self":[{"href":"https:\/\/kuponi.live\/en\/wp-json\/wp\/v2\/pages\/1118","targetHints":{"allow":["GET"]}}],"collection":[{"href":"https:\/\/kuponi.live\/en\/wp-json\/wp\/v2\/pages"}],"about":[{"href":"https:\/\/kuponi.live\/en\/wp-json\/wp\/v2\/types\/page"}],"author":[{"embeddable":true,"href":"https:\/\/kuponi.live\/en\/wp-json\/wp\/v2\/users\/1"}],"replies":[{"embeddable":true,"href":"https:\/\/kuponi.live\/en\/wp-json\/wp\/v2\/comments?post=1118"}],"version-history":[{"count":67,"href":"https:\/\/kuponi.live\/en\/wp-json\/wp\/v2\/pages\/1118\/revisions"}],"predecessor-version":[{"id":3154,"href":"https:\/\/kuponi.live\/en\/wp-json\/wp\/v2\/pages\/1118\/revisions\/3154"}],"wp:attachment":[{"href":"https:\/\/kuponi.live\/en\/wp-json\/wp\/v2\/media?parent=1118"}],"curies":[{"name":"wp","href":"https:\/\/api.w.org\/{rel}","templated":true}]}}