{"id":1234,"date":"2024-05-02T20:21:59","date_gmt":"2024-05-02T18:21:59","guid":{"rendered":"https:\/\/kuponi.live\/?page_id=1234"},"modified":"2024-12-08T22:24:21","modified_gmt":"2024-12-08T21:24:21","slug":"kljuc-u-ruke","status":"publish","type":"page","link":"https:\/\/kuponi.live\/en\/kljuc-u-ruke\/","title":{"rendered":"\"TURNKEY\""},"content":{"rendered":"<div data-elementor-type=\"wp-page\" data-elementor-id=\"1234\" class=\"elementor elementor-1234\">\n\t\t\t\t<div class=\"elementor-element elementor-element-23cd4e3 e-flex e-con-boxed e-con e-parent\" data-id=\"23cd4e3\" data-element_type=\"container\">\n\t\t\t\t\t<div class=\"e-con-inner\">\n\t\t\t\t<div class=\"elementor-element elementor-element-e407b8f elementor-widget elementor-widget-text-editor\" data-id=\"e407b8f\" data-element_type=\"widget\" data-widget_type=\"text-editor.default\">\n\t\t\t\t<div class=\"elementor-widget-container\">\n\t\t\t\t\t\t\t\t\t<h3 style=\"text-align: center;\"><strong>\"TURNKEY\"<\/strong><\/h3><p>zna\u010di da mi za vas pripremamo APSOLUTNO SVE i predajemo gotovu platformu u ruke.\u00a0 Va\u0161 dio posla je pripremiti samo:<\/p><ul><li>Photos of products that you give as a prize or a link to the Internet where they can be downloaded<\/li><li>A brief description of these products<\/li><li>Conditions for receiving a prize (with our help and explanations)<\/li><\/ul><p>Mi obezbje\u0111ujemo <strong>kompletnu potpuno funkcionalnu digitalnu platformu vjernosti<\/strong> kupaca sistemom \u201eklju\u010d u ruke\u201c, jednojezi\u010dna varijanta, sa mogu\u0107no\u0161\u0107u neograni\u010denog broja jezika:<\/p><ol><li>Main screen design<\/li><li>Digital loyalty card design<\/li><li>Design and preparation of a QR code (with optional colors and logo in the middle) that store customers scan to receive a digital loyalty card, in various variants: as an ordinary printed QR code that stands on the table for guests to scan, or next to the store's cash register and it is distributed to clients (customers), and\/or on the website, then as an A4\/A5 format flayer that stands on, for example, a shop window, etc...<\/li><li>Registracija osoblja ovla\u0161tenog za rad<\/li><li>Obuku osoblja<\/li><\/ol><p><strong>Pri samom radu nije vam potrebno nikakvo dodatno osoblje jer mi za vas radimo:<\/strong><\/p><ol><li>Jednomjese\u010dne, a po dogovoru \u010de\u0161\u0107e, statisti\u010dke izvje\u0161taje<\/li><li>Dodavanja novih\u00a0 nagrada<\/li><li>Izmjenu liste postoje\u0107ih nagrada.<\/li><li>Izmjenu pravila rada<\/li><li>Notifikacije korisnicima o akcijama, sni\u017eenjima, novim nagradama, novim pogodnostima kao npr. dupli bodovi itd&#8230;<\/li><li>Slanje periodi\u010dnih email marketing poruka.<\/li><li>Platform maintenance<\/li><\/ol>\t\t\t\t\t\t\t\t<\/div>\n\t\t\t\t<\/div>\n\t\t\t\t\t<\/div>\n\t\t\t\t<\/div>\n\t\t\t\t<\/div>","protected":false},"excerpt":{"rendered":"<p>&#8220;KLJU\u010c U RUKE&#8221; zna\u010di da mi za vas pripremamo APSOLUTNO SVE i predajemo gotovu platformu u ruke.\u00a0 Va\u0161 dio posla je pripremiti samo: Fotografije proizvoda koje dodjeljujete kao nagradu ili link na internet gdje se mogu preuzeti Kratak opis tih proizvoda Uslove za dobijanje nagrade (uz na\u0161u pomo\u0107 i obja\u0161njenja) Mi obezbje\u0111ujemo kompletnu potpuno funkcionalnu &hellip; <\/p>\n<p class=\"link-more\"><a href=\"https:\/\/kuponi.live\/en\/kljuc-u-ruke\/\" class=\"more-link\">Continue reading<span class=\"screen-reader-text\"> &#8220;&#8220;KLJU\u010c U RUKE&#8221;&#8221;<\/span><\/a><\/p>","protected":false},"author":1,"featured_media":0,"parent":0,"menu_order":0,"comment_status":"closed","ping_status":"closed","template":"elementor_header_footer","meta":{"footnotes":""},"class_list":["post-1234","page","type-page","status-publish","hentry"],"_links":{"self":[{"href":"https:\/\/kuponi.live\/en\/wp-json\/wp\/v2\/pages\/1234","targetHints":{"allow":["GET"]}}],"collection":[{"href":"https:\/\/kuponi.live\/en\/wp-json\/wp\/v2\/pages"}],"about":[{"href":"https:\/\/kuponi.live\/en\/wp-json\/wp\/v2\/types\/page"}],"author":[{"embeddable":true,"href":"https:\/\/kuponi.live\/en\/wp-json\/wp\/v2\/users\/1"}],"replies":[{"embeddable":true,"href":"https:\/\/kuponi.live\/en\/wp-json\/wp\/v2\/comments?post=1234"}],"version-history":[{"count":61,"href":"https:\/\/kuponi.live\/en\/wp-json\/wp\/v2\/pages\/1234\/revisions"}],"predecessor-version":[{"id":2858,"href":"https:\/\/kuponi.live\/en\/wp-json\/wp\/v2\/pages\/1234\/revisions\/2858"}],"wp:attachment":[{"href":"https:\/\/kuponi.live\/en\/wp-json\/wp\/v2\/media?parent=1234"}],"curies":[{"name":"wp","href":"https:\/\/api.w.org\/{rel}","templated":true}]}}