{"id":2555,"date":"2024-11-06T23:07:21","date_gmt":"2024-11-06T22:07:21","guid":{"rendered":"https:\/\/kuponi.live\/?page_id=2555"},"modified":"2024-11-06T23:27:25","modified_gmt":"2024-11-06T22:27:25","slug":"starbuks-digitalne-nagradne-kartice-vjernosti","status":"publish","type":"page","link":"https:\/\/kuponi.live\/en\/starbuks-digitalne-nagradne-kartice-vjernosti\/","title":{"rendered":"Starbuks Digitalne nagradne kartice vjernosti"},"content":{"rendered":"<div data-elementor-type=\"wp-page\" data-elementor-id=\"2555\" class=\"elementor elementor-2555\">\n\t\t\t\t<div class=\"elementor-element elementor-element-c01108b e-flex e-con-boxed e-con e-parent\" data-id=\"c01108b\" data-element_type=\"container\">\n\t\t\t\t\t<div class=\"e-con-inner\">\n\t\t\t\t<div class=\"elementor-element elementor-element-5a4c4df elementor-widget elementor-widget-text-editor\" data-id=\"5a4c4df\" data-element_type=\"widget\" data-widget_type=\"text-editor.default\">\n\t\t\t\t<div class=\"elementor-widget-container\">\n\t\t\t\t\t\t\t\t\t<p>Starbuks<\/p>\t\t\t\t\t\t\t\t<\/div>\n\t\t\t\t<\/div>\n\t\t\t\t\t<\/div>\n\t\t\t\t<\/div>\n\t\t<div class=\"elementor-element elementor-element-85f095e e-flex e-con-boxed e-con e-parent\" data-id=\"85f095e\" data-element_type=\"container\">\n\t\t\t\t\t<div class=\"e-con-inner\">\n\t\t\t\t<div class=\"elementor-element elementor-element-f71af33 elementor-widget elementor-widget-text-editor\" data-id=\"f71af33\" data-element_type=\"widget\" data-widget_type=\"text-editor.default\">\n\t\t\t\t<div class=\"elementor-widget-container\">\n\t\t\t\t\t\t\t\t\t<p>Starbucks Loyalty Reward Cards is considered the world's best platform for customer loyalty and rewarding. A huge percentage of the total traffic, as much as 49%, takes place through these cards.<\/p><p><strong>Starbucks<\/strong>\u00a0Nagradne Digitalne Kartice Vjernosti funkcioni\u0161u sa sakupljanjem\u00a0\u201ezvjezdica\u201c (bodova).<\/p><p>\u201cZvjezdice\u201d kupci dobijaju za svaki dolar koji potro\u0161e, a one\u00a0 se mogu zamijeniti za hranu i pi\u0107e. Za jedan potro\u0161eni dolar, dobijaju jednu zvjezdicu.\u00a0<\/p><p>Dodatno, kupci dobijaju besplatne poslastice \u00a0na njihove ro\u0111endane. Pogledajte koje nagrade svojim kupcima dodjeljuje Starbucks i koliko je \u201czvjezdica\u201d potrebno sakupiti, tj.dolara potro\u0161iti:<\/p><p>Pogledajte koje nagrade svojim kupcima dodjeljuje Starbucks i koliko je \u201czvjezdica\u201d potrebno sakupiti, tj.dolara potro\u0161iti:<\/p><p style=\"text-align: center;\"><a href=\"https:\/\/kuponi.live\/wp-content\/uploads\/2024\/11\/Starbucks-Rewards-25-zvjezdica.png\"><img fetchpriority=\"high\" decoding=\"async\" class=\"alignnone wp-image-2558 size-full\" src=\"https:\/\/kuponi.live\/wp-content\/uploads\/2024\/11\/Starbucks-Rewards-25-zvjezdica.png\" alt=\"\" width=\"717\" height=\"285\" srcset=\"https:\/\/kuponi.live\/wp-content\/uploads\/2024\/11\/Starbucks-Rewards-25-zvjezdica.png 717w, https:\/\/kuponi.live\/wp-content\/uploads\/2024\/11\/Starbucks-Rewards-25-zvjezdica-300x119.png 300w, https:\/\/kuponi.live\/wp-content\/uploads\/2024\/11\/Starbucks-Rewards-25-zvjezdica-18x7.png 18w\" sizes=\"(max-width: 717px) 100vw, 717px\" \/><\/a><\/p><p style=\"text-align: center;\"><a href=\"https:\/\/kuponi.live\/wp-content\/uploads\/2024\/11\/Starbucks-Rewards-100-zvjezdica.png\"><img decoding=\"async\" class=\"aligncenter size-full wp-image-2559\" src=\"https:\/\/kuponi.live\/wp-content\/uploads\/2024\/11\/Starbucks-Rewards-100-zvjezdica.png\" alt=\"\" width=\"734\" height=\"291\" srcset=\"https:\/\/kuponi.live\/wp-content\/uploads\/2024\/11\/Starbucks-Rewards-100-zvjezdica.png 734w, https:\/\/kuponi.live\/wp-content\/uploads\/2024\/11\/Starbucks-Rewards-100-zvjezdica-300x119.png 300w, https:\/\/kuponi.live\/wp-content\/uploads\/2024\/11\/Starbucks-Rewards-100-zvjezdica-18x7.png 18w\" sizes=\"(max-width: 734px) 100vw, 734px\" \/><\/a><\/p><p><a href=\"https:\/\/kuponi.live\/wp-content\/uploads\/2024\/11\/Starbucks-Rewards-200-zvjezdica.png\"><img decoding=\"async\" class=\"aligncenter size-full wp-image-2560\" src=\"https:\/\/kuponi.live\/wp-content\/uploads\/2024\/11\/Starbucks-Rewards-200-zvjezdica.png\" alt=\"\" width=\"762\" height=\"307\" srcset=\"https:\/\/kuponi.live\/wp-content\/uploads\/2024\/11\/Starbucks-Rewards-200-zvjezdica.png 762w, https:\/\/kuponi.live\/wp-content\/uploads\/2024\/11\/Starbucks-Rewards-200-zvjezdica-300x121.png 300w, https:\/\/kuponi.live\/wp-content\/uploads\/2024\/11\/Starbucks-Rewards-200-zvjezdica-18x7.png 18w\" sizes=\"(max-width: 706px) 89vw, (max-width: 767px) 82vw, 740px\" \/><\/a><\/p><p style=\"text-align: center;\"><a href=\"https:\/\/kuponi.live\/wp-content\/uploads\/2024\/11\/Starbucks-Rewards-300-zvjezdica.png\"><img loading=\"lazy\" decoding=\"async\" class=\"aligncenter size-full wp-image-2561\" src=\"https:\/\/kuponi.live\/wp-content\/uploads\/2024\/11\/Starbucks-Rewards-300-zvjezdica.png\" alt=\"\" width=\"696\" height=\"318\" srcset=\"https:\/\/kuponi.live\/wp-content\/uploads\/2024\/11\/Starbucks-Rewards-300-zvjezdica.png 696w, https:\/\/kuponi.live\/wp-content\/uploads\/2024\/11\/Starbucks-Rewards-300-zvjezdica-300x137.png 300w, https:\/\/kuponi.live\/wp-content\/uploads\/2024\/11\/Starbucks-Rewards-300-zvjezdica-18x8.png 18w\" sizes=\"(max-width: 696px) 100vw, 696px\" \/><\/a><\/p><p style=\"text-align: center;\"><a href=\"https:\/\/kuponi.live\/wp-content\/uploads\/2024\/11\/Starbucks-Rewards-400-zvjezdica.png\"><img loading=\"lazy\" decoding=\"async\" class=\"aligncenter size-full wp-image-2562\" src=\"https:\/\/kuponi.live\/wp-content\/uploads\/2024\/11\/Starbucks-Rewards-400-zvjezdica.png\" alt=\"\" width=\"699\" height=\"318\" srcset=\"https:\/\/kuponi.live\/wp-content\/uploads\/2024\/11\/Starbucks-Rewards-400-zvjezdica.png 699w, https:\/\/kuponi.live\/wp-content\/uploads\/2024\/11\/Starbucks-Rewards-400-zvjezdica-300x136.png 300w, https:\/\/kuponi.live\/wp-content\/uploads\/2024\/11\/Starbucks-Rewards-400-zvjezdica-18x8.png 18w\" sizes=\"(max-width: 699px) 100vw, 699px\" \/><\/a><\/p><p><strong>Poticaji da se stalno vra\u0107ate su jaki<\/strong>, a program ima elemente gamifikacije.\u00a0Iako su mu cijene ne\u0161to vi\u0161e od ostalih marki kave, Starbucks je uspio nastaviti dominirati industrijom<\/p><p><strong>Jedna od najva\u017enijih<\/strong>\u00a0stvari koje mo\u017eete nau\u010diti iz programa Starbucks Rewards <span style=\"text-decoration: underline;\"><strong>je da ne biste trebali ote\u017eavati lojalnim kupcima pristup ili kori\u0161tenje njihovih pogodnosti. Osje\u0107aj stalnog nagra\u0111ivanja poma\u017ee im da se vra\u0107aju.<\/strong><\/span><\/p>\t\t\t\t\t\t\t\t<\/div>\n\t\t\t\t<\/div>\n\t\t\t\t\t<\/div>\n\t\t\t\t<\/div>\n\t\t\t\t<\/div>","protected":false},"excerpt":{"rendered":"<p>Starbuks Starbucks Loyalty Reward Cards se smatra najboljom svjetskom platformom za vjernost i nagra\u0111ivnje kupaca. Ogroman procenat ukupnog prometa, \u010dak 49% se odvija preko ovih kartica. Starbucks\u00a0Nagradne Digitalne Kartice Vjernosti funkcioni\u0161u sa sakupljanjem\u00a0\u201ezvjezdica\u201c (bodova). \u201cZvjezdice\u201d kupci dobijaju za svaki dolar koji potro\u0161e, a one\u00a0 se mogu zamijeniti za hranu i pi\u0107e. Za jedan potro\u0161eni dolar, &hellip; <\/p>\n<p class=\"link-more\"><a href=\"https:\/\/kuponi.live\/en\/starbuks-digitalne-nagradne-kartice-vjernosti\/\" class=\"more-link\">Continue reading<span class=\"screen-reader-text\"> &#8220;Starbuks Digitalne nagradne kartice vjernosti&#8221;<\/span><\/a><\/p>","protected":false},"author":1,"featured_media":0,"parent":0,"menu_order":0,"comment_status":"closed","ping_status":"closed","template":"elementor_header_footer","meta":{"footnotes":""},"class_list":["post-2555","page","type-page","status-publish","hentry"],"_links":{"self":[{"href":"https:\/\/kuponi.live\/en\/wp-json\/wp\/v2\/pages\/2555","targetHints":{"allow":["GET"]}}],"collection":[{"href":"https:\/\/kuponi.live\/en\/wp-json\/wp\/v2\/pages"}],"about":[{"href":"https:\/\/kuponi.live\/en\/wp-json\/wp\/v2\/types\/page"}],"author":[{"embeddable":true,"href":"https:\/\/kuponi.live\/en\/wp-json\/wp\/v2\/users\/1"}],"replies":[{"embeddable":true,"href":"https:\/\/kuponi.live\/en\/wp-json\/wp\/v2\/comments?post=2555"}],"version-history":[{"count":16,"href":"https:\/\/kuponi.live\/en\/wp-json\/wp\/v2\/pages\/2555\/revisions"}],"predecessor-version":[{"id":2584,"href":"https:\/\/kuponi.live\/en\/wp-json\/wp\/v2\/pages\/2555\/revisions\/2584"}],"wp:attachment":[{"href":"https:\/\/kuponi.live\/en\/wp-json\/wp\/v2\/media?parent=2555"}],"curies":[{"name":"wp","href":"https:\/\/api.w.org\/{rel}","templated":true}]}}