{"id":2585,"date":"2024-11-06T23:39:10","date_gmt":"2024-11-06T22:39:10","guid":{"rendered":"https:\/\/kuponi.live\/?page_id=2585"},"modified":"2024-11-07T19:58:01","modified_gmt":"2024-11-07T18:58:01","slug":"pizza-hut","status":"publish","type":"page","link":"https:\/\/kuponi.live\/en\/pizza-hut\/","title":{"rendered":"Pizza Hut"},"content":{"rendered":"<div data-elementor-type=\"wp-page\" data-elementor-id=\"2585\" class=\"elementor elementor-2585\">\n\t\t\t\t<div class=\"elementor-element elementor-element-4987136 e-flex e-con-boxed e-con e-parent\" data-id=\"4987136\" data-element_type=\"container\">\n\t\t\t\t\t<div class=\"e-con-inner\">\n\t\t\t\t<div class=\"elementor-element elementor-element-d29ce97 elementor-widget elementor-widget-text-editor\" data-id=\"d29ce97\" data-element_type=\"widget\" data-widget_type=\"text-editor.default\">\n\t\t\t\t<div class=\"elementor-widget-container\">\n\t\t\t\t\t\t\t\t\t<p>Pizza Hut<\/p>\t\t\t\t\t\t\t\t<\/div>\n\t\t\t\t<\/div>\n\t\t\t\t\t<\/div>\n\t\t\t\t<\/div>\n\t\t<div class=\"elementor-element elementor-element-6dbcc28 e-flex e-con-boxed e-con e-parent\" data-id=\"6dbcc28\" data-element_type=\"container\">\n\t\t\t\t\t<div class=\"e-con-inner\">\n\t\t\t\t<div class=\"elementor-element elementor-element-f5111b6 elementor-widget elementor-widget-text-editor\" data-id=\"f5111b6\" data-element_type=\"widget\" data-widget_type=\"text-editor.default\">\n\t\t\t\t<div class=\"elementor-widget-container\">\n\t\t\t\t\t\t\t\t\t<p>Pizza Hut jedan je od najve\u0107ih le\u017eernih restorana na svijetu, ima 16.796 restorana diljem svijeta.<br \/><span style=\"text-decoration: underline;\"><strong>Hut Rewards<\/strong><\/span> je program vjernosti koji vodi Pizza Hut. \u010clanovi mogu zaraditi bodove svaki put kada posjete restorane i tako\u0111er dobiti pristup ekskluzivnim ponudama \u2013 poput 241 glavnog obroka, besplatnih obroka ili posebnih cijena.<\/p><p><strong>Iskustvo kupaca<\/strong><br \/>Program se provodi online i offline u restoranima koji sudjeluju. Kako bi se registrirali za program, korisnici moraju ispuniti obrazac za prijavu online putem web stranice Pizza Hut.<\/p><p><strong>Mehanika lojalnosti<\/strong><br \/>Program nije podijeljen u segmente. Principi programa su jednostavni. Vi\u0161e bodova, vi\u0161e nagrada.<br \/>Nakon prijave na Hut Rewards, \u010dlanovi \u0107e dobiti 1 bod za svaki\u00a0 potro\u0161en 1 USD. Nakon skupljanja 100 bodova, \u010dlanovi ih mogu zamijeniti za besplatnu srednju pizzu, s bilo kojim receptom i bilo kojim nadjevom koji vole.<\/p><p>Druga varijanta je zamjena za bodove koji mogu tro\u0161iti u Pizza Hut objektima: 10.00USD za 100 bodova ili 20.00USD za 200 bodova.<\/p>\t\t\t\t\t\t\t\t<\/div>\n\t\t\t\t<\/div>\n\t\t\t\t\t<\/div>\n\t\t\t\t<\/div>\n\t\t\t\t<\/div>","protected":false},"excerpt":{"rendered":"<p>Pizza Hut Pizza Hut jedan je od najve\u0107ih le\u017eernih restorana na svijetu, ima 16.796 restorana diljem svijeta.Hut Rewards je program vjernosti koji vodi Pizza Hut. \u010clanovi mogu zaraditi bodove svaki put kada posjete restorane i tako\u0111er dobiti pristup ekskluzivnim ponudama \u2013 poput 241 glavnog obroka, besplatnih obroka ili posebnih cijena. Iskustvo kupacaProgram se provodi online &hellip; <\/p>\n<p class=\"link-more\"><a href=\"https:\/\/kuponi.live\/en\/pizza-hut\/\" class=\"more-link\">Continue reading<span class=\"screen-reader-text\"> &#8220;Pizza Hut&#8221;<\/span><\/a><\/p>","protected":false},"author":1,"featured_media":0,"parent":0,"menu_order":0,"comment_status":"closed","ping_status":"closed","template":"elementor_header_footer","meta":{"footnotes":""},"class_list":["post-2585","page","type-page","status-publish","hentry"],"_links":{"self":[{"href":"https:\/\/kuponi.live\/en\/wp-json\/wp\/v2\/pages\/2585","targetHints":{"allow":["GET"]}}],"collection":[{"href":"https:\/\/kuponi.live\/en\/wp-json\/wp\/v2\/pages"}],"about":[{"href":"https:\/\/kuponi.live\/en\/wp-json\/wp\/v2\/types\/page"}],"author":[{"embeddable":true,"href":"https:\/\/kuponi.live\/en\/wp-json\/wp\/v2\/users\/1"}],"replies":[{"embeddable":true,"href":"https:\/\/kuponi.live\/en\/wp-json\/wp\/v2\/comments?post=2585"}],"version-history":[{"count":22,"href":"https:\/\/kuponi.live\/en\/wp-json\/wp\/v2\/pages\/2585\/revisions"}],"predecessor-version":[{"id":2672,"href":"https:\/\/kuponi.live\/en\/wp-json\/wp\/v2\/pages\/2585\/revisions\/2672"}],"wp:attachment":[{"href":"https:\/\/kuponi.live\/en\/wp-json\/wp\/v2\/media?parent=2585"}],"curies":[{"name":"wp","href":"https:\/\/api.w.org\/{rel}","templated":true}]}}