{"id":2735,"date":"2024-11-13T17:06:17","date_gmt":"2024-11-13T16:06:17","guid":{"rendered":"https:\/\/kuponi.live\/?page_id=2735"},"modified":"2025-05-04T22:03:51","modified_gmt":"2025-05-04T20:03:51","slug":"tl-vidi-vise","status":"publish","type":"page","link":"https:\/\/kuponi.live\/en\/tl-vidi-vise\/","title":{"rendered":"TL Vidi vi\u0161e"},"content":{"rendered":"<div data-elementor-type=\"wp-page\" data-elementor-id=\"2735\" class=\"elementor elementor-2735\">\n\t\t\t\t<div class=\"elementor-element elementor-element-475d9d6 e-flex e-con-boxed e-con e-parent\" data-id=\"475d9d6\" data-element_type=\"container\">\n\t\t\t\t\t<div class=\"e-con-inner\">\n\t\t\t\t<div class=\"elementor-element elementor-element-c2edb5f elementor-widget elementor-widget-text-editor\" data-id=\"c2edb5f\" data-element_type=\"widget\" data-widget_type=\"text-editor.default\">\n\t\t\t\t<div class=\"elementor-widget-container\">\n\t\t\t\t\t\t\t\t\t<p style=\"text-align: center;\">Top Loyalty &#8211; struktura bez konkurencije<\/p>\t\t\t\t\t\t\t\t<\/div>\n\t\t\t\t<\/div>\n\t\t\t\t\t<\/div>\n\t\t\t\t<\/div>\n\t\t<div class=\"elementor-element elementor-element-33aeccc e-flex e-con-boxed e-con e-parent\" data-id=\"33aeccc\" data-element_type=\"container\">\n\t\t\t\t\t<div class=\"e-con-inner\">\n\t\t\t\t<div class=\"elementor-element elementor-element-ca9369d elementor-widget elementor-widget-text-editor\" data-id=\"ca9369d\" data-element_type=\"widget\" data-widget_type=\"text-editor.default\">\n\t\t\t\t<div class=\"elementor-widget-container\">\n\t\t\t\t\t\t\t\t\t<p><strong><b>Top Loyalty (TL)<\/b><\/strong>\u00a0ima strukturu <strong><b>kakvu nema niti jedna druga platforma lojalnosti<\/b><\/strong>.<\/p><p>Na vrhu je <strong><b>Administrator<\/b><\/strong>\u00a0koji mo\u017ee formirati <strong><b>neograni\u010den broj Menad\u017eera<\/b><\/strong>, koji upravljaju svime ispod sebe npr. <strong><b>unutar jedne dr\u017eave<\/b><\/strong>. Dakle, Administrator sa ovom platformom mo\u017ee formirati <strong><b>nezavisne <\/b><\/strong>platforme \u00a0lojalnost za neograni\u010den broj dr\u017eava.<\/p><p>Svaki Menad\u017eer mo\u017ee formirati <strong><b>neograni\u010den broj Mre\u017ea<\/b><\/strong>, koje mogu biti bilo koja podru\u010dja, npr. gradovi, \u0161to zna\u010di da mo\u017ee formirati<strong><b>\u00a0nezavisne platforme lojalnosti<\/b><\/strong> u neograni\u010denom broju gradova. Vezivanje Menad\u017eera za gradove je samo jedna od varijanti ako je tako lak\u0161e upravljati strukturom; nema nikakve prepreke da Menad\u017eer upravlja karticama u raznim podru\u010djima. Dakle, to nije uslov.<\/p><p>Unutar Mre\u017ea se formira <span style=\"color: #ff0000;\"><strong><b>neograni\u010den broj<\/b><\/strong>\u00a0<strong><u><b>Partnera<\/b><\/u><\/strong><strong><b>, koji su osnovni elemenat ovog sistema<\/b><\/strong>.<\/span><\/p><p>Partner formira <strong><b>neograni\u010den broj Kartica<\/b><\/strong>. Svaka firma mo\u017ee imati jednu ili vi\u0161e kartica. Ako firma ima jednu karticu, a vi\u0161e biznisa (npr. raznih trgovina) u jednom ili vi\u0161e gradova, svi bodovi se registruju na tu karticu bez obzira na kojoj lokaciji su zara\u0111eni.<\/p><p>Za ovaj slu\u010daj kada firma ima vi\u0161e\u00a0 biznisa mo\u017ee imati i vi\u0161e kartica i mo\u017ee odre\u0111ivati za koju se karticu u kojem objektu dodjeljuju bodovi.<\/p><p>To se odre\u0111uje putem <strong><b>Klubova i Osoblja<\/b><\/strong>, koje isto tako <strong><b>formira Partner<\/b><\/strong> i kojih mo\u017ee biti neograni\u010deno.<\/p><p>Ako se kartice pridru\u017ee razli\u010ditim Klubovima\u00a0 na svaku se Karticu bodovi skupljaju odvojeno zavisno od lokacije, a dodjeljivati bodove mo\u017ee samo Osoblje koje je \u010dlan istog Kluba kao i kartica.<\/p><p>Osoblje koje kontroli\u0161e Karticu koja pripada jednom Klubu, ne mo\u017ee \u00a0kontrolisati Karticu koja pripada drugom Klubu.<\/p><p>Ako firma ima npr. tri Kartice, sve one se mogu pridru\u017eiti jednom \u00a0Klubu, u tom slu\u010daju sa sve tri Kartice uparavlja isto osoblje.<\/p><p>Broj kombinacija je neograni\u010den.<\/p><p>Partner \u00a0formira neograni\u010den broj Klubova. Pridru\u017euje mu neograni\u010den broj Kartica (firmi) i Osoblja, a zatim formira Nagrade koje pridru\u017euje Karticama.<\/p><p>Sve Kartice koje su pod upravom jednog Partnera se mogu vidjeti na <strong><b>Listi Kartica<\/b><\/strong>\u00a0na po\u010detnom ekranu.<\/p><p>Strukturu Top Loyalty-ja opisanu iznad pogledajte na \u0161emi ispod:<\/p><p style=\"text-align: center;\"><a href=\"https:\/\/kuponi.live\/wp-content\/uploads\/2024\/11\/zz-reward-loyalty-relationships.png\"><img fetchpriority=\"high\" decoding=\"async\" class=\"aligncenter wp-image-2741\" src=\"https:\/\/kuponi.live\/wp-content\/uploads\/2024\/11\/zz-reward-loyalty-relationships.png\" alt=\"\" width=\"768\" height=\"658\" srcset=\"https:\/\/kuponi.live\/wp-content\/uploads\/2024\/11\/zz-reward-loyalty-relationships.png 1144w, https:\/\/kuponi.live\/wp-content\/uploads\/2024\/11\/zz-reward-loyalty-relationships-300x257.png 300w, https:\/\/kuponi.live\/wp-content\/uploads\/2024\/11\/zz-reward-loyalty-relationships-1024x877.png 1024w, https:\/\/kuponi.live\/wp-content\/uploads\/2024\/11\/zz-reward-loyalty-relationships-768x658.png 768w, https:\/\/kuponi.live\/wp-content\/uploads\/2024\/11\/zz-reward-loyalty-relationships-14x12.png 14w\" sizes=\"(max-width: 706px) 89vw, (max-width: 767px) 82vw, 740px\" \/><\/a><\/p>\t\t\t\t\t\t\t\t<\/div>\n\t\t\t\t<\/div>\n\t\t\t\t\t<\/div>\n\t\t\t\t<\/div>\n\t\t\t\t<\/div>","protected":false},"excerpt":{"rendered":"<p>Top Loyalty &#8211; struktura bez konkurencije Top Loyalty (TL)\u00a0ima strukturu kakvu nema niti jedna druga platforma lojalnosti. Na vrhu je Administrator\u00a0koji mo\u017ee formirati neograni\u010den broj Menad\u017eera, koji upravljaju svime ispod sebe npr. unutar jedne dr\u017eave. Dakle, Administrator sa ovom platformom mo\u017ee formirati nezavisne platforme \u00a0lojalnost za neograni\u010den broj dr\u017eava. Svaki Menad\u017eer mo\u017ee formirati neograni\u010den broj &hellip; <\/p>\n<p class=\"link-more\"><a href=\"https:\/\/kuponi.live\/en\/tl-vidi-vise\/\" class=\"more-link\">Continue reading<span class=\"screen-reader-text\"> &#8220;TL Vidi vi\u0161e&#8221;<\/span><\/a><\/p>","protected":false},"author":1,"featured_media":0,"parent":0,"menu_order":0,"comment_status":"closed","ping_status":"closed","template":"elementor_header_footer","meta":{"footnotes":""},"class_list":["post-2735","page","type-page","status-publish","hentry"],"_links":{"self":[{"href":"https:\/\/kuponi.live\/en\/wp-json\/wp\/v2\/pages\/2735","targetHints":{"allow":["GET"]}}],"collection":[{"href":"https:\/\/kuponi.live\/en\/wp-json\/wp\/v2\/pages"}],"about":[{"href":"https:\/\/kuponi.live\/en\/wp-json\/wp\/v2\/types\/page"}],"author":[{"embeddable":true,"href":"https:\/\/kuponi.live\/en\/wp-json\/wp\/v2\/users\/1"}],"replies":[{"embeddable":true,"href":"https:\/\/kuponi.live\/en\/wp-json\/wp\/v2\/comments?post=2735"}],"version-history":[{"count":64,"href":"https:\/\/kuponi.live\/en\/wp-json\/wp\/v2\/pages\/2735\/revisions"}],"predecessor-version":[{"id":3572,"href":"https:\/\/kuponi.live\/en\/wp-json\/wp\/v2\/pages\/2735\/revisions\/3572"}],"wp:attachment":[{"href":"https:\/\/kuponi.live\/en\/wp-json\/wp\/v2\/media?parent=2735"}],"curies":[{"name":"wp","href":"https:\/\/api.w.org\/{rel}","templated":true}]}}