{"id":679,"date":"2024-05-01T17:20:22","date_gmt":"2024-05-01T15:20:22","guid":{"rendered":"https:\/\/kuponi.live\/?page_id=679"},"modified":"2025-05-04T23:09:43","modified_gmt":"2025-05-04T21:09:43","slug":"vazne-cinjenice","status":"publish","type":"page","link":"https:\/\/kuponi.live\/en\/vazne-cinjenice\/","title":{"rendered":"Important facts"},"content":{"rendered":"<div data-elementor-type=\"wp-page\" data-elementor-id=\"679\" class=\"elementor elementor-679\">\n\t\t\t\t<div class=\"elementor-element elementor-element-6493843 e-flex e-con-boxed e-con e-parent\" data-id=\"6493843\" data-element_type=\"container\">\n\t\t\t\t\t<div class=\"e-con-inner\">\n\t\t<div class=\"elementor-element elementor-element-d6cc707 e-con-full e-flex e-con e-child\" data-id=\"d6cc707\" data-element_type=\"container\">\n\t\t\t\t<div class=\"elementor-element elementor-element-bb6ea8c elementor-widget elementor-widget-image\" data-id=\"bb6ea8c\" data-element_type=\"widget\" data-widget_type=\"image.default\">\n\t\t\t\t<div class=\"elementor-widget-container\">\n\t\t\t\t\t\t\t\t\t\t\t\t\t\t\t<img fetchpriority=\"high\" decoding=\"async\" width=\"1344\" height=\"756\" src=\"https:\/\/kuponi.live\/wp-content\/uploads\/2024\/05\/Prva.jpg\" class=\"attachment-full size-full wp-image-682\" alt=\"\" srcset=\"https:\/\/kuponi.live\/wp-content\/uploads\/2024\/05\/Prva.jpg 1344w, https:\/\/kuponi.live\/wp-content\/uploads\/2024\/05\/Prva-300x169.jpg 300w, https:\/\/kuponi.live\/wp-content\/uploads\/2024\/05\/Prva-1024x576.jpg 1024w, https:\/\/kuponi.live\/wp-content\/uploads\/2024\/05\/Prva-768x432.jpg 768w, https:\/\/kuponi.live\/wp-content\/uploads\/2024\/05\/Prva-720x405.jpg 720w\" sizes=\"100vw\" \/>\t\t\t\t\t\t\t\t\t\t\t\t\t\t\t<\/div>\n\t\t\t\t<\/div>\n\t\t\t\t<\/div>\n\t\t<div class=\"elementor-element elementor-element-9805f40 e-con-full e-flex e-con e-child\" data-id=\"9805f40\" data-element_type=\"container\">\n\t\t\t\t<div class=\"elementor-element elementor-element-2f3e6a9 elementor-widget elementor-widget-text-editor\" data-id=\"2f3e6a9\" data-element_type=\"widget\" data-widget_type=\"text-editor.default\">\n\t\t\t\t<div class=\"elementor-widget-container\">\n\t\t\t\t\t\t\t\t\t<p>Did you know that most of the company's income does not come from new potential customers, but from regular customers?<\/p><p class=\"translation-block\">A study by BIAKelsey shows that <strong>61%<\/strong> of private businesses report that they now derive the majority of their revenue from repeat customers.<\/p><p>Many businesses everywhere are struggling and need urgent marketing help to survive.<\/p><p>Dakle, <strong>najbr\u017ei na\u010din da im se pomogne<\/strong> u 2025. je fokusiranje na zara\u0111ivanje novca od njihovih trenutnih kupaca <strong>putem programa vjernosti<\/strong> .<\/p>\t\t\t\t\t\t\t\t<\/div>\n\t\t\t\t<\/div>\n\t\t\t\t<\/div>\n\t\t\t\t\t<\/div>\n\t\t\t\t<\/div>\n\t\t<div class=\"elementor-element elementor-element-c59860d e-con-full e-flex e-con e-parent\" data-id=\"c59860d\" data-element_type=\"container\">\n\t\t\t\t<div class=\"elementor-element elementor-element-ba39bb1 elementor-widget elementor-widget-spacer\" data-id=\"ba39bb1\" data-element_type=\"widget\" data-widget_type=\"spacer.default\">\n\t\t\t\t<div class=\"elementor-widget-container\">\n\t\t\t\t\t\t\t<div class=\"elementor-spacer\">\n\t\t\t<div class=\"elementor-spacer-inner\"><\/div>\n\t\t<\/div>\n\t\t\t\t\t\t<\/div>\n\t\t\t\t<\/div>\n\t\t\t\t<\/div>\n\t\t<div class=\"elementor-element elementor-element-8f1e48b e-flex e-con-boxed e-con e-parent\" data-id=\"8f1e48b\" data-element_type=\"container\">\n\t\t\t\t\t<div class=\"e-con-inner\">\n\t\t<div class=\"elementor-element elementor-element-0f9cc84 e-con-full e-flex e-con e-child\" data-id=\"0f9cc84\" data-element_type=\"container\">\n\t\t\t\t<div class=\"elementor-element elementor-element-7601236 elementor-widget elementor-widget-text-editor\" data-id=\"7601236\" data-element_type=\"widget\" data-widget_type=\"text-editor.default\">\n\t\t\t\t<div class=\"elementor-widget-container\">\n\t\t\t\t\t\t\t\t\t<p><img decoding=\"async\" class=\"alignnone wp-image-692\" src=\"https:\/\/kuponi.live\/wp-content\/uploads\/2024\/05\/555-150x138.png\" alt=\"\" width=\"110\" height=\"66\" \/><\/p><p class=\"translation-block\"><strong>84% of consumers<\/strong> say they are more likely to <strong>buy from a brand that offers a loyalty program<\/strong><\/p><p><span style=\"color: #0000ff;\">Nielsen<\/span><\/p>\t\t\t\t\t\t\t\t<\/div>\n\t\t\t\t<\/div>\n\t\t\t\t<\/div>\n\t\t<div class=\"elementor-element elementor-element-643eb46 e-con-full e-flex e-con e-child\" data-id=\"643eb46\" data-element_type=\"container\">\n\t\t\t\t<div class=\"elementor-element elementor-element-394ea71 elementor-widget elementor-widget-image\" data-id=\"394ea71\" data-element_type=\"widget\" data-widget_type=\"image.default\">\n\t\t\t\t<div class=\"elementor-widget-container\">\n\t\t\t\t\t\t\t\t\t\t\t\t\t\t\t<img decoding=\"async\" width=\"696\" height=\"328\" src=\"https:\/\/kuponi.live\/wp-content\/uploads\/2024\/05\/Nielsen.png\" class=\"attachment-full size-full wp-image-690\" alt=\"\" srcset=\"https:\/\/kuponi.live\/wp-content\/uploads\/2024\/05\/Nielsen.png 696w, https:\/\/kuponi.live\/wp-content\/uploads\/2024\/05\/Nielsen-300x141.png 300w\" sizes=\"100vw\" \/>\t\t\t\t\t\t\t\t\t\t\t\t\t\t\t<\/div>\n\t\t\t\t<\/div>\n\t\t\t\t<\/div>\n\t\t\t\t\t<\/div>\n\t\t\t\t<\/div>\n\t\t<div class=\"elementor-element elementor-element-1b82731 e-con-full e-flex e-con e-parent\" data-id=\"1b82731\" data-element_type=\"container\">\n\t\t\t\t<div class=\"elementor-element elementor-element-b2d8caa elementor-widget elementor-widget-spacer\" data-id=\"b2d8caa\" data-element_type=\"widget\" data-widget_type=\"spacer.default\">\n\t\t\t\t<div class=\"elementor-widget-container\">\n\t\t\t\t\t\t\t<div class=\"elementor-spacer\">\n\t\t\t<div class=\"elementor-spacer-inner\"><\/div>\n\t\t<\/div>\n\t\t\t\t\t\t<\/div>\n\t\t\t\t<\/div>\n\t\t\t\t<\/div>\n\t\t<div class=\"elementor-element elementor-element-31afe0f e-flex e-con-boxed e-con e-parent\" data-id=\"31afe0f\" data-element_type=\"container\">\n\t\t\t\t\t<div class=\"e-con-inner\">\n\t\t<div class=\"elementor-element elementor-element-d1764e9 e-con-full e-flex e-con e-child\" data-id=\"d1764e9\" data-element_type=\"container\">\n\t\t\t\t<div class=\"elementor-element elementor-element-6a84c8c elementor-widget elementor-widget-image\" data-id=\"6a84c8c\" data-element_type=\"widget\" data-widget_type=\"image.default\">\n\t\t\t\t<div class=\"elementor-widget-container\">\n\t\t\t\t\t\t\t\t\t\t\t\t\t\t\t<img loading=\"lazy\" decoding=\"async\" width=\"697\" height=\"418\" src=\"https:\/\/kuponi.live\/wp-content\/uploads\/2024\/05\/666.png\" class=\"attachment-full size-full wp-image-699\" alt=\"\" srcset=\"https:\/\/kuponi.live\/wp-content\/uploads\/2024\/05\/666.png 697w, https:\/\/kuponi.live\/wp-content\/uploads\/2024\/05\/666-300x180.png 300w\" sizes=\"100vw\" \/>\t\t\t\t\t\t\t\t\t\t\t\t\t\t\t<\/div>\n\t\t\t\t<\/div>\n\t\t\t\t<\/div>\n\t\t<div class=\"elementor-element elementor-element-2003aaf e-con-full e-flex e-con e-child\" data-id=\"2003aaf\" data-element_type=\"container\">\n\t\t\t\t<div class=\"elementor-element elementor-element-26aa2ca elementor-widget elementor-widget-text-editor\" data-id=\"26aa2ca\" data-element_type=\"widget\" data-widget_type=\"text-editor.default\">\n\t\t\t\t<div class=\"elementor-widget-container\">\n\t\t\t\t\t\t\t\t\t<p><img loading=\"lazy\" decoding=\"async\" class=\"alignnone size-full wp-image-703\" src=\"https:\/\/kuponi.live\/wp-content\/uploads\/2024\/05\/999-1.png\" alt=\"\" width=\"252\" height=\"129\" \/><\/p><p class=\"translation-block\"><strong>62% of consumers spend more money<\/strong> at the same retailer <strong>when they activate a loyalty program<\/strong>.<\/p><p><span style=\"color: #0000ff;\">McKinsey<\/span><\/p>\t\t\t\t\t\t\t\t<\/div>\n\t\t\t\t<\/div>\n\t\t\t\t<\/div>\n\t\t\t\t\t<\/div>\n\t\t\t\t<\/div>\n\t\t<div class=\"elementor-element elementor-element-0841ed4 e-con-full e-flex e-con e-parent\" data-id=\"0841ed4\" data-element_type=\"container\">\n\t\t\t\t<div class=\"elementor-element elementor-element-ca73863 elementor-widget elementor-widget-spacer\" data-id=\"ca73863\" data-element_type=\"widget\" data-widget_type=\"spacer.default\">\n\t\t\t\t<div class=\"elementor-widget-container\">\n\t\t\t\t\t\t\t<div class=\"elementor-spacer\">\n\t\t\t<div class=\"elementor-spacer-inner\"><\/div>\n\t\t<\/div>\n\t\t\t\t\t\t<\/div>\n\t\t\t\t<\/div>\n\t\t\t\t<\/div>\n\t\t<div class=\"elementor-element elementor-element-21eefb8 e-flex e-con-boxed e-con e-parent\" data-id=\"21eefb8\" data-element_type=\"container\">\n\t\t\t\t\t<div class=\"e-con-inner\">\n\t\t<div class=\"elementor-element elementor-element-184a959 e-con-full e-flex e-con e-child\" data-id=\"184a959\" data-element_type=\"container\">\n\t\t\t\t<div class=\"elementor-element elementor-element-86d9430 elementor-widget elementor-widget-text-editor\" data-id=\"86d9430\" data-element_type=\"widget\" data-widget_type=\"text-editor.default\">\n\t\t\t\t<div class=\"elementor-widget-container\">\n\t\t\t\t\t\t\t\t\t<p><img loading=\"lazy\" decoding=\"async\" class=\"alignnone size-full wp-image-716\" src=\"https:\/\/kuponi.live\/wp-content\/uploads\/2024\/05\/Screenshot_1-1.png\" alt=\"\" width=\"245\" height=\"147\" \/><\/p><p><span>It is up to 25 times more difficult to acquire a new customer than to keep an existing one<\/span><\/p>\t\t\t\t\t\t\t\t<\/div>\n\t\t\t\t<\/div>\n\t\t\t\t<\/div>\n\t\t<div class=\"elementor-element elementor-element-3333f32 e-con-full e-flex e-con e-child\" data-id=\"3333f32\" data-element_type=\"container\">\n\t\t\t\t<div class=\"elementor-element elementor-element-054bec1 elementor-widget elementor-widget-image\" data-id=\"054bec1\" data-element_type=\"widget\" data-widget_type=\"image.default\">\n\t\t\t\t<div class=\"elementor-widget-container\">\n\t\t\t\t\t\t\t\t\t\t\t\t\t\t\t<img loading=\"lazy\" decoding=\"async\" width=\"696\" height=\"428\" src=\"https:\/\/kuponi.live\/wp-content\/uploads\/2024\/05\/img4.png\" class=\"attachment-full size-full wp-image-717\" alt=\"\" srcset=\"https:\/\/kuponi.live\/wp-content\/uploads\/2024\/05\/img4.png 696w, https:\/\/kuponi.live\/wp-content\/uploads\/2024\/05\/img4-300x184.png 300w\" sizes=\"100vw\" \/>\t\t\t\t\t\t\t\t\t\t\t\t\t\t\t<\/div>\n\t\t\t\t<\/div>\n\t\t\t\t<\/div>\n\t\t\t\t\t<\/div>\n\t\t\t\t<\/div>\n\t\t<div class=\"elementor-element elementor-element-8b39354 e-flex e-con-boxed e-con e-parent\" data-id=\"8b39354\" data-element_type=\"container\">\n\t\t\t\t\t<div class=\"e-con-inner\">\n\t\t<div class=\"elementor-element elementor-element-eeedc0a e-con-full e-flex e-con e-child\" data-id=\"eeedc0a\" data-element_type=\"container\">\n\t\t\t\t<div class=\"elementor-element elementor-element-d10dbf1 elementor-widget elementor-widget-image\" data-id=\"d10dbf1\" data-element_type=\"widget\" data-widget_type=\"image.default\">\n\t\t\t\t<div class=\"elementor-widget-container\">\n\t\t\t\t\t\t\t\t\t\t\t\t\t\t\t<img loading=\"lazy\" decoding=\"async\" width=\"700\" height=\"493\" src=\"https:\/\/kuponi.live\/wp-content\/uploads\/2024\/11\/Untitled10-1.jpg\" class=\"attachment-full size-full wp-image-2418\" alt=\"\" srcset=\"https:\/\/kuponi.live\/wp-content\/uploads\/2024\/11\/Untitled10-1.jpg 700w, https:\/\/kuponi.live\/wp-content\/uploads\/2024\/11\/Untitled10-1-300x211.jpg 300w, https:\/\/kuponi.live\/wp-content\/uploads\/2024\/11\/Untitled10-1-18x12.jpg 18w\" sizes=\"100vw\" \/>\t\t\t\t\t\t\t\t\t\t\t\t\t\t\t<\/div>\n\t\t\t\t<\/div>\n\t\t\t\t<\/div>\n\t\t<div class=\"elementor-element elementor-element-c467cb3 e-con-full e-flex e-con e-child\" data-id=\"c467cb3\" data-element_type=\"container\">\n\t\t\t\t<div class=\"elementor-element elementor-element-7e8660e elementor-widget elementor-widget-text-editor\" data-id=\"7e8660e\" data-element_type=\"widget\" data-widget_type=\"text-editor.default\">\n\t\t\t\t<div class=\"elementor-widget-container\">\n\t\t\t\t\t\t\t\t\t<p><img loading=\"lazy\" decoding=\"async\" class=\"alignnone wp-image-2420\" src=\"https:\/\/kuponi.live\/wp-content\/uploads\/2024\/11\/1122.png\" alt=\"\" width=\"150\" height=\"77\" srcset=\"https:\/\/kuponi.live\/wp-content\/uploads\/2024\/11\/1122.png 252w, https:\/\/kuponi.live\/wp-content\/uploads\/2024\/11\/1122-18x9.png 18w\" sizes=\"(max-width: 150px) 100vw, 150px\" \/> \u00a0\u00a0\u00a0\u00a0\u00a0\u00a0\u00a0\u00a0\u00a0\u00a0\u00a0\u00a0\u00a0\u00a0\u00a0\u00a0\u00a0\u00a0\u00a0\u00a0\u00a0\u00a0\u00a0\u00a0\u00a0\u00a0\u00a0\u00a0\u00a0\u00a0\u00a0\u00a0\u00a0\u00a0\u00a0\u00a0\u00a0\u00a0\u00a0\u00a0\u00a0\u00a0\u00a0\u00a0\u00a0\u00a0\u00a0\u00a0\u00a0\u00a0\u00a0\u00a0\u00a0\u00a0\u00a0\u00a0\u00a0\u00a0\u00a0\u00a0\u00a0\u00a0\u00a0\u00a0\u00a0\u00a0\u00a0\u00a0\u00a0\u00a0\u00a0\u00a0\u00a0\u00a0\u00a0\u00a0\u00a0\u00a0\u00a0\u00a0\u00a0\u00a0\u00a0\u00a0\u00a0\u00a0\u00a0\u00a0\u00a0\u00a0\u00a0\u00a0\u00a0\u00a0\u00a0\u00a0\u00a0\u00a0\u00a0\u00a0\u00a0\u00a0\u00a0\u00a0\u00a0\u00a0\u00a0\u00a0\u00a0\u00a0\u00a0\u00a0\u00a0\u00a0\u00a0\u00a0\u00a0\u00a0\u00a0\u00a0\u00a0\u00a0\u00a0\u00a0\u00a0\u00a0\u00a0\u00a0\u00a0\u00a0\u00a0\u00a0\u00a0\u00a0 <span class=\"HwtZe\" lang=\"hr\"><span class=\"jCAhz ChMk0b\"><span class=\"ryNqvb\">of millennials are higly influenced by LOYALTY PROGRAMS<\/span><\/span><\/span><\/p><p>(Bond Brand Loyalty 2018 god.)<\/p><p><img loading=\"lazy\" decoding=\"async\" class=\"alignnone wp-image-2424\" src=\"https:\/\/kuponi.live\/wp-content\/uploads\/2024\/11\/cats.png\" alt=\"\" width=\"150\" height=\"77\" srcset=\"https:\/\/kuponi.live\/wp-content\/uploads\/2024\/11\/cats.png 252w, https:\/\/kuponi.live\/wp-content\/uploads\/2024\/11\/cats-18x9.png 18w\" sizes=\"(max-width: 150px) 100vw, 150px\" \/><\/p><p><span class=\"HwtZe\" lang=\"hr\"><span class=\"jCAhz ChMk0b\"><span class=\"ryNqvb\">of millennials are engaged in loyalty programs via their smartphones.<\/span><\/span><\/span><\/p><p>(CodeBroker, 2018)<\/p>\t\t\t\t\t\t\t\t<\/div>\n\t\t\t\t<\/div>\n\t\t\t\t<\/div>\n\t\t\t\t\t<\/div>\n\t\t\t\t<\/div>\n\t\t\t\t<\/div>","protected":false},"excerpt":{"rendered":"<p>Jeste li znali da ve\u0107ina prihoda firmi ne dolazi od novih potencijalnih kupaca, ve\u0107 od stalnih klijenata? Studija koju je proveo BIAKelsey pokazuje da 61% privatnih firmi navodi da ve\u0107inu svojih prihoda sada ostvaruje od stalnih kupaca. Mnoge firme posvuda se bore i potrebna im je hitna marketin\u0161ka pomo\u0107 kako bi pre\u017eivjele. Dakle, najbr\u017ei na\u010din &hellip; <\/p>\n<p class=\"link-more\"><a href=\"https:\/\/kuponi.live\/en\/vazne-cinjenice\/\" class=\"more-link\">Continue reading<span class=\"screen-reader-text\"> &#8220;Va\u017ene \u010dinjenice&#8221;<\/span><\/a><\/p>","protected":false},"author":1,"featured_media":0,"parent":0,"menu_order":0,"comment_status":"closed","ping_status":"closed","template":"elementor_header_footer","meta":{"footnotes":""},"class_list":["post-679","page","type-page","status-publish","hentry"],"_links":{"self":[{"href":"https:\/\/kuponi.live\/en\/wp-json\/wp\/v2\/pages\/679","targetHints":{"allow":["GET"]}}],"collection":[{"href":"https:\/\/kuponi.live\/en\/wp-json\/wp\/v2\/pages"}],"about":[{"href":"https:\/\/kuponi.live\/en\/wp-json\/wp\/v2\/types\/page"}],"author":[{"embeddable":true,"href":"https:\/\/kuponi.live\/en\/wp-json\/wp\/v2\/users\/1"}],"replies":[{"embeddable":true,"href":"https:\/\/kuponi.live\/en\/wp-json\/wp\/v2\/comments?post=679"}],"version-history":[{"count":64,"href":"https:\/\/kuponi.live\/en\/wp-json\/wp\/v2\/pages\/679\/revisions"}],"predecessor-version":[{"id":3624,"href":"https:\/\/kuponi.live\/en\/wp-json\/wp\/v2\/pages\/679\/revisions\/3624"}],"wp:attachment":[{"href":"https:\/\/kuponi.live\/en\/wp-json\/wp\/v2\/media?parent=679"}],"curies":[{"name":"wp","href":"https:\/\/api.w.org\/{rel}","templated":true}]}}