{"id":828,"date":"2024-05-01T22:06:47","date_gmt":"2024-05-01T20:06:47","guid":{"rendered":"https:\/\/kuponi.live\/?page_id=828"},"modified":"2025-08-18T13:44:03","modified_gmt":"2025-08-18T11:44:03","slug":"o-top-loyalty","status":"publish","type":"page","link":"https:\/\/kuponi.live\/en\/o-top-loyalty\/","title":{"rendered":"O Top Loyalty"},"content":{"rendered":"<div data-elementor-type=\"wp-page\" data-elementor-id=\"828\" class=\"elementor elementor-828\">\n\t\t\t\t<div class=\"elementor-element elementor-element-1215ccf e-flex e-con-boxed e-con e-parent\" data-id=\"1215ccf\" data-element_type=\"container\">\n\t\t\t\t\t<div class=\"e-con-inner\">\n\t\t\t\t<div class=\"elementor-element elementor-element-a8911e6 elementor-widget elementor-widget-text-editor\" data-id=\"a8911e6\" data-element_type=\"widget\" data-widget_type=\"text-editor.default\">\n\t\t\t\t<div class=\"elementor-widget-container\">\n\t\t\t\t\t\t\t\t\t<p>Four basic elements of Top Loyalty:<\/p>\t\t\t\t\t\t\t\t<\/div>\n\t\t\t\t<\/div>\n\t\t\t\t\t<\/div>\n\t\t\t\t<\/div>\n\t\t<div class=\"elementor-element elementor-element-e71dbf3 e-flex e-con-boxed e-con e-parent\" data-id=\"e71dbf3\" data-element_type=\"container\">\n\t\t\t\t\t<div class=\"e-con-inner\">\n\t\t\t\t<div class=\"elementor-element elementor-element-2c1ca87 elementor-widget elementor-widget-text-editor\" data-id=\"2c1ca87\" data-element_type=\"widget\" data-widget_type=\"text-editor.default\">\n\t\t\t\t<div class=\"elementor-widget-container\">\n\t\t\t\t\t\t\t\t\t<h4 class=\"font-32 mar-bottom-35\">1. Setting rewards and loyalty points<\/h4><p>Postavi\u0107emo po va\u0161em izboru nagrade\u00a0 koje \u0107e kupci\u00a0 dobijati i po va\u0161im uslovima postaviti koliko se bodova dobija za odre\u0111enu potro\u0161nju i koliko je bodova\u00a0 potrebno skupiti za dobijanje odre\u0111ene nagrade.<\/p><p>Uz pomo\u0107 prelijepih predlo\u017eaka prilagodi\u0107emo izgled ekrana va\u0161im proizvodima.<\/p><p style=\"text-align: left;\"><a href=\"https:\/\/kuponi.live\/wp-content\/uploads\/2024\/12\/1214.jpg\"><img fetchpriority=\"high\" decoding=\"async\" class=\"aligncenter wp-image-2813\" src=\"https:\/\/kuponi.live\/wp-content\/uploads\/2024\/12\/1214.jpg\" alt=\"\" width=\"500\" height=\"594\" srcset=\"https:\/\/kuponi.live\/wp-content\/uploads\/2024\/12\/1214.jpg 640w, https:\/\/kuponi.live\/wp-content\/uploads\/2024\/12\/1214-253x300.jpg 253w, https:\/\/kuponi.live\/wp-content\/uploads\/2024\/12\/1214-10x12.jpg 10w\" sizes=\"(max-width: 500px) 100vw, 500px\" \/><\/a>Za svaku kupovinu program \u0107e dodijeliti bodove koje kupac mo\u017ee iskoristiti za dobijanje nagrade. Na primjer, kupac za kupovinu kafe mo\u017ee zaraditi 2 boda koji se mogu sakupljati za odre\u0111enu nagradu kao \u0161to je kutija besplatnih krafni u vrijednosti od 30 bodova.<\/p><h4 class=\"mar-bottom-10 text-center font-32\" style=\"text-align: center;\">Top Loyalty je primjenjiv kako za izvanmre\u017ene kupovine (kupovina u objektu), tako\u00a0 i za online kupovine i kupovine u objektima koji ne pripadaju vlasniku programa vjernosti a prodaju njegove proizvode.<\/h4><h5 style=\"text-align: center;\">To nema ni jedna platforma DRUGA PLATFORMA bez obzira na NJIHOVE ZA desetine puta ve\u0107E cijenE.<\/h5>\t\t\t\t\t\t\t\t<\/div>\n\t\t\t\t<\/div>\n\t\t\t\t\t<\/div>\n\t\t\t\t<\/div>\n\t\t<div class=\"elementor-element elementor-element-d531237 e-flex e-con-boxed e-con e-parent\" data-id=\"d531237\" data-element_type=\"container\">\n\t\t\t\t\t<div class=\"e-con-inner\">\n\t\t<div class=\"elementor-element elementor-element-eccc0f7 e-con-full e-flex e-con e-child\" data-id=\"eccc0f7\" data-element_type=\"container\">\n\t\t\t\t<div class=\"elementor-element elementor-element-deb9425 elementor-widget elementor-widget-image\" data-id=\"deb9425\" data-element_type=\"widget\" data-widget_type=\"image.default\">\n\t\t\t\t<div class=\"elementor-widget-container\">\n\t\t\t\t\t\t\t\t\t\t\t\t\t\t\t<img decoding=\"async\" width=\"1280\" height=\"649\" src=\"https:\/\/kuponi.live\/wp-content\/uploads\/2024\/05\/step-1-c-1.jpg\" class=\"attachment-full size-full wp-image-935\" alt=\"\" srcset=\"https:\/\/kuponi.live\/wp-content\/uploads\/2024\/05\/step-1-c-1.jpg 1280w, https:\/\/kuponi.live\/wp-content\/uploads\/2024\/05\/step-1-c-1-300x151.jpg 300w, https:\/\/kuponi.live\/wp-content\/uploads\/2024\/05\/step-1-c-1-1024x514.jpg 1024w, https:\/\/kuponi.live\/wp-content\/uploads\/2024\/05\/step-1-c-1-768x386.jpg 768w, https:\/\/kuponi.live\/wp-content\/uploads\/2024\/05\/step-1-c-1-18x9.jpg 18w\" sizes=\"100vw\" \/>\t\t\t\t\t\t\t\t\t\t\t\t\t\t\t<\/div>\n\t\t\t\t<\/div>\n\t\t\t\t<\/div>\n\t\t<div class=\"elementor-element elementor-element-5695a78 e-con-full e-flex e-con e-child\" data-id=\"5695a78\" data-element_type=\"container\">\n\t\t\t\t<div class=\"elementor-element elementor-element-3b39bb1 elementor-widget elementor-widget-image\" data-id=\"3b39bb1\" data-element_type=\"widget\" data-widget_type=\"image.default\">\n\t\t\t\t<div class=\"elementor-widget-container\">\n\t\t\t\t\t\t\t\t\t\t\t\t\t\t\t<img decoding=\"async\" width=\"1280\" height=\"648\" src=\"https:\/\/kuponi.live\/wp-content\/uploads\/2024\/05\/step-1-d-1.jpg\" class=\"attachment-full size-full wp-image-857\" alt=\"\" srcset=\"https:\/\/kuponi.live\/wp-content\/uploads\/2024\/05\/step-1-d-1.jpg 1280w, https:\/\/kuponi.live\/wp-content\/uploads\/2024\/05\/step-1-d-1-300x149.jpg 300w, https:\/\/kuponi.live\/wp-content\/uploads\/2024\/05\/step-1-d-1-1024x510.jpg 1024w, https:\/\/kuponi.live\/wp-content\/uploads\/2024\/05\/step-1-d-1-768x382.jpg 768w, https:\/\/kuponi.live\/wp-content\/uploads\/2024\/05\/step-1-d-1-18x9.jpg 18w\" sizes=\"100vw\" \/>\t\t\t\t\t\t\t\t\t\t\t\t\t\t\t<\/div>\n\t\t\t\t<\/div>\n\t\t\t\t<\/div>\n\t\t\t\t\t<\/div>\n\t\t\t\t<\/div>\n\t\t<div class=\"elementor-element elementor-element-c6b3ae3 e-flex e-con-boxed e-con e-parent\" data-id=\"c6b3ae3\" data-element_type=\"container\">\n\t\t\t\t\t<div class=\"e-con-inner\">\n\t\t\t\t<div class=\"elementor-element elementor-element-cfa9d94 elementor-widget elementor-widget-text-editor\" data-id=\"cfa9d94\" data-element_type=\"widget\" data-widget_type=\"text-editor.default\">\n\t\t\t\t<div class=\"elementor-widget-container\">\n\t\t\t\t\t\t\t\t\t<h4 class=\"font-32 mar-bottom-35\">2. Automatic generation of a \"smart QR code\"<\/h4><p>Program automatski\u00a0 generi\u0161e &#8216;pametni&#8217; QR kod za odre\u0111enu kompaniju. Za jednu kompaniju se mo\u017ee generisati vi\u0161e QR kodova za slu\u010daj da postoje razne djelatnosti (podijeljene u lance raznih djelatnosti &#8211; hoteli, supermarketi, restorani..) i da se \u017eeli da se za svaki lanac bodovi dodjeljuju posebno. Svaki <strong>ovla\u0161teni zaposlenik<\/strong> mo\u017ee dodjeljivati bodove za isklju\u010divo za djelatnost za koju je ovla\u0161ten. Ako kompanija \u017eeli da kupci sakupljaju bodove na nivou cijele kompanije, za potro\u0161nju u bilo kojoj kompanijinoj trgovini, generi\u0161e se jedan QR kod.<\/p><p>QR kod se mo\u017ee ugraditi u web-stranice firme, na dru\u0161tvene mre\u017ee, na razne portale itd&#8230;. ili printati kako bi se stavio na lokaciju fizi\u010dke trgovine (kasa, izlog, stolovi resorana&#8230;)<\/p><p>Kada se QR kod skenira, po\u010dinje kup\u010devo \u010dlanstvo\u00a0 i\u00a0 sakupljanje bodova lojalnosti.<\/p><p style=\"text-align: center;\"><a href=\"https:\/\/kuponi.live\/wp-content\/uploads\/2025\/03\/77.jpg\"><img loading=\"lazy\" decoding=\"async\" class=\"aligncenter wp-image-3179\" src=\"https:\/\/kuponi.live\/wp-content\/uploads\/2025\/03\/77.jpg\" alt=\"\" width=\"780\" height=\"439\" srcset=\"https:\/\/kuponi.live\/wp-content\/uploads\/2025\/03\/77.jpg 1024w, https:\/\/kuponi.live\/wp-content\/uploads\/2025\/03\/77-300x169.jpg 300w, https:\/\/kuponi.live\/wp-content\/uploads\/2025\/03\/77-768x432.jpg 768w, https:\/\/kuponi.live\/wp-content\/uploads\/2025\/03\/77-18x10.jpg 18w\" sizes=\"(max-width: 706px) 89vw, (max-width: 767px) 82vw, 740px\" \/><\/a><\/p>\t\t\t\t\t\t\t\t<\/div>\n\t\t\t\t<\/div>\n\t\t\t\t\t<\/div>\n\t\t\t\t<\/div>\n\t\t<div class=\"elementor-element elementor-element-206e571 e-flex e-con-boxed e-con e-parent\" data-id=\"206e571\" data-element_type=\"container\">\n\t\t\t\t\t<div class=\"e-con-inner\">\n\t\t\t\t<div class=\"elementor-element elementor-element-d82a0d8 elementor-widget elementor-widget-text-editor\" data-id=\"d82a0d8\" data-element_type=\"widget\" data-widget_type=\"text-editor.default\">\n\t\t\t\t<div class=\"elementor-widget-container\">\n\t\t\t\t\t\t\t\t\t<h4 class=\"font-32 mar-bottom-35\">3.Top Loyalty tracks customer points and rewards them<\/h4><p>Kada korisnici skeniraju QR kod registruju se u dva poteza, dobijaju na svom mobitelu Digitalnu nagradnu karticu lojalnosti i mogu po\u010deti sakupljati nagradne bodove.<\/p><p style=\"text-align: center;\"><a href=\"https:\/\/kuponi.live\/wp-content\/uploads\/2025\/03\/step4.png\"><img loading=\"lazy\" decoding=\"async\" class=\"aligncenter wp-image-3168\" src=\"https:\/\/kuponi.live\/wp-content\/uploads\/2025\/03\/step4.png\" alt=\"\" width=\"880\" height=\"495\" srcset=\"https:\/\/kuponi.live\/wp-content\/uploads\/2025\/03\/step4.png 1280w, https:\/\/kuponi.live\/wp-content\/uploads\/2025\/03\/step4-300x169.png 300w, https:\/\/kuponi.live\/wp-content\/uploads\/2025\/03\/step4-1024x576.png 1024w, https:\/\/kuponi.live\/wp-content\/uploads\/2025\/03\/step4-768x432.png 768w, https:\/\/kuponi.live\/wp-content\/uploads\/2025\/03\/step4-18x10.png 18w\" sizes=\"(max-width: 706px) 89vw, (max-width: 767px) 82vw, 740px\" \/><\/a><\/p><p>Top Loyalty (TL) generi\u0161e QR kod za kompaniju. Kada kupac skenira taj QR kod i kada se registruje,\u00a0 TL generi\u0161e novi QR kod koji povezuje korisnika sa kompanijom i koji slu\u017ei da se kupac identifikuje.<\/p>\t\t\t\t\t\t\t\t<\/div>\n\t\t\t\t<\/div>\n\t\t\t\t\t<\/div>\n\t\t\t\t<\/div>\n\t\t<div class=\"elementor-element elementor-element-39b3724 e-flex e-con-boxed e-con e-parent\" data-id=\"39b3724\" data-element_type=\"container\">\n\t\t\t\t\t<div class=\"e-con-inner\">\n\t\t\t\t<div class=\"elementor-element elementor-element-fc08605 elementor-widget elementor-widget-text-editor\" data-id=\"fc08605\" data-element_type=\"widget\" data-widget_type=\"text-editor.default\">\n\t\t\t\t<div class=\"elementor-widget-container\">\n\t\t\t\t\t\t\t\t\t<h4 class=\"font-32 mar-bottom-35\">4.Top Loyalty encourages customers to spend to get a reward<\/h4><p class=\"translation-block\">Customers always have an overview of the reward points they have collected on their mobile phone and see how close they are to receiving the reward. This <strong>encourages them to buy more<\/strong> in order to get the rewards as soon as possible.<\/p><p><a href=\"https:\/\/kuponi.live\/wp-content\/uploads\/2025\/02\/555.jpg\"><img loading=\"lazy\" decoding=\"async\" class=\"aligncenter wp-image-2945\" src=\"https:\/\/kuponi.live\/wp-content\/uploads\/2025\/02\/555-1024x576.jpg\" alt=\"\" width=\"800\" height=\"450\" srcset=\"https:\/\/kuponi.live\/wp-content\/uploads\/2025\/02\/555-1024x576.jpg 1024w, https:\/\/kuponi.live\/wp-content\/uploads\/2025\/02\/555-300x169.jpg 300w, https:\/\/kuponi.live\/wp-content\/uploads\/2025\/02\/555-768x432.jpg 768w, https:\/\/kuponi.live\/wp-content\/uploads\/2025\/02\/555-18x10.jpg 18w, https:\/\/kuponi.live\/wp-content\/uploads\/2025\/02\/555.jpg 1280w\" sizes=\"(max-width: 706px) 89vw, (max-width: 767px) 82vw, 740px\" \/><\/a><\/p><p><span class=\"HwtZe\" lang=\"hr\"><span class=\"jCAhz JxVs2d ChMk0b\"><span class=\"ryNqvb\">In addition, Top Loyalty will automatically encourage customers to continue shopping at a time when they are most likely to buy.<\/span><\/span><\/span><\/p><p><a href=\"https:\/\/kuponi.live\/wp-content\/uploads\/2024\/05\/444-1.png\"><img loading=\"lazy\" decoding=\"async\" class=\"alignnone size-full wp-image-911\" src=\"https:\/\/kuponi.live\/wp-content\/uploads\/2024\/05\/444-1.png\" alt=\"\" width=\"239\" height=\"265\" \/><\/a><a href=\"https:\/\/kuponi.live\/wp-content\/uploads\/2024\/05\/555-1.png\"><img loading=\"lazy\" decoding=\"async\" class=\"alignnone size-full wp-image-912\" src=\"https:\/\/kuponi.live\/wp-content\/uploads\/2024\/05\/555-1.png\" alt=\"\" width=\"244\" height=\"270\" \/><\/a> <a href=\"https:\/\/kuponi.live\/wp-content\/uploads\/2024\/05\/888.png\"><img loading=\"lazy\" decoding=\"async\" class=\"alignnone size-full wp-image-913\" src=\"https:\/\/kuponi.live\/wp-content\/uploads\/2024\/05\/888.png\" alt=\"\" width=\"277\" height=\"275\" srcset=\"https:\/\/kuponi.live\/wp-content\/uploads\/2024\/05\/888.png 277w, https:\/\/kuponi.live\/wp-content\/uploads\/2024\/05\/888-150x150.png 150w, https:\/\/kuponi.live\/wp-content\/uploads\/2024\/05\/888-12x12.png 12w, https:\/\/kuponi.live\/wp-content\/uploads\/2024\/05\/888-100x100.png 100w\" sizes=\"(max-width: 277px) 100vw, 277px\" \/><\/a><\/p><p style=\"text-align: center;\" class=\"translation-block\"><strong>FORWARD: <span style=\"color: #0000ff\"><a style=\"color: #0000ff\" href=\"https:\/\/kuponi.live\/en\/korisnik-klijent-kupac\/\" target=\"_blank\" rel=\"noopener\">User registration and login<\/a><\/span><\/strong><\/p><p style=\"text-align: center;\">\u00a0<\/p>\t\t\t\t\t\t\t\t<\/div>\n\t\t\t\t<\/div>\n\t\t<div class=\"elementor-element elementor-element-a242e65 e-con-full e-flex e-con e-child\" data-id=\"a242e65\" data-element_type=\"container\">\n\t\t\t\t<div class=\"elementor-element elementor-element-25ce656 elementor-widget elementor-widget-text-editor\" data-id=\"25ce656\" data-element_type=\"widget\" data-widget_type=\"text-editor.default\">\n\t\t\t\t<div class=\"elementor-widget-container\">\n\t\t\t\t\t\t\t\t\t<p><strong>PS: The illustrations may deviate from the actual appearance of the platform elements, they serve only to clarify the functions.<\/strong><\/p>\t\t\t\t\t\t\t\t<\/div>\n\t\t\t\t<\/div>\n\t\t\t\t<\/div>\n\t\t\t\t\t<\/div>\n\t\t\t\t<\/div>\n\t\t\t\t<\/div>","protected":false},"excerpt":{"rendered":"<p>\u010cetiri osnovna elementa Top Loyalty-ja: 1. Postavljanje nagrada i bodova vjernosti Postavi\u0107emo po va\u0161em izboru nagrade\u00a0 koje \u0107e kupci\u00a0 dobijati i po va\u0161im uslovima postaviti koliko se bodova dobija za odre\u0111enu potro\u0161nju i koliko je bodova\u00a0 potrebno skupiti za dobijanje odre\u0111ene nagrade. Uz pomo\u0107 prelijepih predlo\u017eaka prilagodi\u0107emo izgled ekrana va\u0161im proizvodima. Za svaku kupovinu program &hellip; <\/p>\n<p class=\"link-more\"><a href=\"https:\/\/kuponi.live\/en\/o-top-loyalty\/\" class=\"more-link\">Continue reading<span class=\"screen-reader-text\"> &#8220;O Top Loyalty&#8221;<\/span><\/a><\/p>","protected":false},"author":1,"featured_media":0,"parent":0,"menu_order":0,"comment_status":"closed","ping_status":"closed","template":"elementor_header_footer","meta":{"footnotes":""},"class_list":["post-828","page","type-page","status-publish","hentry"],"_links":{"self":[{"href":"https:\/\/kuponi.live\/en\/wp-json\/wp\/v2\/pages\/828","targetHints":{"allow":["GET"]}}],"collection":[{"href":"https:\/\/kuponi.live\/en\/wp-json\/wp\/v2\/pages"}],"about":[{"href":"https:\/\/kuponi.live\/en\/wp-json\/wp\/v2\/types\/page"}],"author":[{"embeddable":true,"href":"https:\/\/kuponi.live\/en\/wp-json\/wp\/v2\/users\/1"}],"replies":[{"embeddable":true,"href":"https:\/\/kuponi.live\/en\/wp-json\/wp\/v2\/comments?post=828"}],"version-history":[{"count":359,"href":"https:\/\/kuponi.live\/en\/wp-json\/wp\/v2\/pages\/828\/revisions"}],"predecessor-version":[{"id":3744,"href":"https:\/\/kuponi.live\/en\/wp-json\/wp\/v2\/pages\/828\/revisions\/3744"}],"wp:attachment":[{"href":"https:\/\/kuponi.live\/en\/wp-json\/wp\/v2\/media?parent=828"}],"curies":[{"name":"wp","href":"https:\/\/api.w.org\/{rel}","templated":true}]}}